{"id":98,"date":"2010-06-28T07:39:53","date_gmt":"2010-06-28T07:39:53","guid":{"rendered":"http:\/\/www.tauchclub-freiburg.de\/cms\/?page_id=98"},"modified":"2018-01-26T16:52:06","modified_gmt":"2018-01-26T15:52:06","slug":"tauchen","status":"publish","type":"page","link":"https:\/\/www.tauchclub-freiburg.de\/cms\/abteilungen\/tauchen\/","title":{"rendered":"Tauchen"},"content":{"rendered":"<h2>Informationen zum Tauchen<\/h2>\n<div><img loading=\"lazy\" decoding=\"async\" src=\"http:\/\/www.tauchclub-freiburg.de\/cms\/wp-content\/uploads\/2018\/01\/Tauchen-5-1024x683.jpg\" alt=\"\" width=\"750\" height=\"500\" class=\"aligncenter size-large wp-image-2996\" \/>\n<\/div>\n<p>Tauchen kann fast jeder. Voraussetzung ist eine tauchsport\u00e4rztliche Untersuchung, die jedoch in den seltensten F\u00e4llen Probleme aufwirft. Die Tauchausbildung umfa\u00dft einen theoretischen und einen praktischen Teil.<br \/>\nIm theoretischen Teil werden Grundlagen der Physik, Medizin, Ger\u00e4te- und Tauchtechnik vermittelt. Die Theorie umfa\u00dft etwa 10 Unterrichtseinheiten \u00e0 2 Stunden.<br \/>\nIm praktischen Teil folgen dann der Umgang mit dem Pressluft-Tauchger\u00e4t, die Bew\u00e4ltigung von Stre\u00dfsituationen sowie das umweltbewu\u00dfte Verhalten beim Tauchen, denn wir wollen unsere Tauchgew\u00e4sser, in denen wir uns nur als Gast f\u00fchlen, schonend behandeln. Die praktische Ausbildung umfa\u00dft eine ABC- (Maske\/ Flossen\/Schnorchel) und Ger\u00e4te-Ausbildung im Hallenbad. Daran anschlie\u00dfend kommen dann Tauchg\u00e4nge in den heimischen Gew\u00e4ssern.<br \/>\nDie Ausbildung wird abgeschlossen mit einer theoretischen und praktischen Pr\u00fcfung.<br \/>\nDas Tauchen birgt eine Reihe von besonderen Risiken gegen\u00fcber anderen Sportarten. Eine solide Ausbildung vermittelt dem Sporttaucher jedoch alle notwendigen Kenntnisse und F\u00e4higkeiten, die ihn bef\u00e4higen, seinen Sport sicher und umweltbewu\u00dft auszu\u00fcben.<\/p>\n","protected":false},"excerpt":{"rendered":"<p>Informationen zum Tauchen Tauchen kann fast jeder. Voraussetzung ist eine tauchsport\u00e4rztliche Untersuchung, die jedoch in den seltensten F\u00e4llen Probleme aufwirft. Die Tauchausbildung umfa\u00dft einen theoretischen und einen praktischen Teil. Im theoretischen Teil werden Grundlagen der Physik, Medizin, Ger\u00e4te- und Tauchtechnik vermittelt. Die Theorie umfa\u00dft etwa 10 Unterrichtseinheiten \u00e0 2 Stunden. Im praktischen Teil folgen dann &hellip; <\/p>\n<p><a class=\"more-link btn\" href=\"https:\/\/www.tauchclub-freiburg.de\/cms\/abteilungen\/tauchen\/\">Weiterlesen<\/a><\/p>\n","protected":false},"author":1,"featured_media":0,"parent":46,"menu_order":0,"comment_status":"closed","ping_status":"open","template":"","meta":{"footnotes":""},"class_list":["post-98","page","type-page","status-publish","hentry","nodate","item-wrap"],"_links":{"self":[{"href":"https:\/\/www.tauchclub-freiburg.de\/cms\/wp-json\/wp\/v2\/pages\/98","targetHints":{"allow":["GET"]}}],"collection":[{"href":"https:\/\/www.tauchclub-freiburg.de\/cms\/wp-json\/wp\/v2\/pages"}],"about":[{"href":"https:\/\/www.tauchclub-freiburg.de\/cms\/wp-json\/wp\/v2\/types\/page"}],"author":[{"embeddable":true,"href":"https:\/\/www.tauchclub-freiburg.de\/cms\/wp-json\/wp\/v2\/users\/1"}],"replies":[{"embeddable":true,"href":"https:\/\/www.tauchclub-freiburg.de\/cms\/wp-json\/wp\/v2\/comments?post=98"}],"version-history":[{"count":10,"href":"https:\/\/www.tauchclub-freiburg.de\/cms\/wp-json\/wp\/v2\/pages\/98\/revisions"}],"predecessor-version":[{"id":238,"href":"https:\/\/www.tauchclub-freiburg.de\/cms\/wp-json\/wp\/v2\/pages\/98\/revisions\/238"}],"up":[{"embeddable":true,"href":"https:\/\/www.tauchclub-freiburg.de\/cms\/wp-json\/wp\/v2\/pages\/46"}],"wp:attachment":[{"href":"https:\/\/www.tauchclub-freiburg.de\/cms\/wp-json\/wp\/v2\/media?parent=98"}],"curies":[{"name":"wp","href":"https:\/\/api.w.org\/{rel}","templated":true}]}}