{"id":8,"date":"2010-04-10T20:41:07","date_gmt":"2010-04-10T20:41:07","guid":{"rendered":"http:\/\/localhost\/tauchverein\/cms\/?page_id=8"},"modified":"2012-10-22T21:25:57","modified_gmt":"2012-10-22T19:25:57","slug":"clubheim","status":"publish","type":"page","link":"https:\/\/www.tauchclub-freiburg.de\/cms\/der-verein\/clubheim\/","title":{"rendered":"Clubheim"},"content":{"rendered":"<h2>Treffpunkt am Ufer des Fl\u00fcckiger Sees<\/h2>\n<p>(<a title=\"Anfahrt\" href=\"http:\/\/www.tauchclub-freiburg.de\/cms\/?page_id=1235\">Anfahrt<\/a>)<\/p>\n<div id=\"attachment_167\" style=\"width: 300px\" class=\"wp-caption alignright\"><a href=\"http:\/\/www.tauchclub-freiburg.de\/cms\/wp-content\/uploads\/2010\/04\/clubh.jpg\"><img loading=\"lazy\" decoding=\"async\" aria-describedby=\"caption-attachment-167\" class=\"size-medium wp-image-167\" title=\"Clubheim Tauchclub Freiburg\" src=\"http:\/\/www.tauchclub-freiburg.de\/cms\/wp-content\/uploads\/2010\/04\/clubh-300x166.jpg\" alt=\"Clubheim Tauchclub Freiburg - Au\u00dfenansicht\" width=\"300\" height=\"166\" srcset=\"https:\/\/www.tauchclub-freiburg.de\/cms\/wp-content\/uploads\/2010\/04\/clubh-300x166.jpg 300w, https:\/\/www.tauchclub-freiburg.de\/cms\/wp-content\/uploads\/2010\/04\/clubh.jpg 520w\" sizes=\"auto, (max-width: 300px) 100vw, 300px\" \/><\/a><p id=\"caption-attachment-167\" class=\"wp-caption-text\">Clubheim Tauchclub Freiburg &#8211; Au\u00dfenansicht<\/p><\/div>\n<p style=\"text-align: justify;\">Unser 1995 erbautes Clubheim befindet sich direkt im Herzen von Freiburg auf dem Gel\u00e4nde des Seeparks, nur 50m vom \u00f6stlichen Ufer des Fl\u00fcckiger Sees entfernt.<\/p>\n<p style=\"text-align: justify;\">Wer mag kann im &#8222;Fl\u00fccki&#8220; tauchen gehen und davor bzw. danach Umkleider\u00e4ume und Duschen des Clubheims nutzen. Nach dem Tauchgang bietet unser Clubheim alles, um die Ausr\u00fcstung zu versorgen, die Pressluftflaschen zu f\u00fcllen und sich ausgiebig zu st\u00e4rken.<\/p>\n<div id=\"attachment_168\" style=\"width: 300px\" class=\"wp-caption alignleft\"><a href=\"http:\/\/www.tauchclub-freiburg.de\/cms\/wp-content\/uploads\/2010\/04\/clubh_in.jpg\"><img loading=\"lazy\" decoding=\"async\" aria-describedby=\"caption-attachment-168\" class=\"size-medium wp-image-168\" title=\"Clubheim Tauchclub Freiburg\" src=\"http:\/\/www.tauchclub-freiburg.de\/cms\/wp-content\/uploads\/2010\/04\/clubh_in-300x195.jpg\" alt=\"Clubheim Tauchclub Freiburg - Innenansicht\" width=\"300\" height=\"195\" srcset=\"https:\/\/www.tauchclub-freiburg.de\/cms\/wp-content\/uploads\/2010\/04\/clubh_in-300x195.jpg 300w, https:\/\/www.tauchclub-freiburg.de\/cms\/wp-content\/uploads\/2010\/04\/clubh_in.jpg 947w\" sizes=\"auto, (max-width: 300px) 100vw, 300px\" \/><\/a><p id=\"caption-attachment-168\" class=\"wp-caption-text\">Clubheim Tauchclub Freiburg &#8211; Innenansicht<\/p><\/div>\n<p style=\"text-align: justify;\">Unser gro\u00dfz\u00fcgiger Clubraum, mit bestens ausgestatteter K\u00fcche und Bar, ist ein gern genutzter, gem\u00fctlicher Treffpunkt f\u00fcr alle Mitglieder.<\/p>\n<p style=\"text-align: justify;\">Hier halten wir regelm\u00e4\u00dfig Veranstaltungen \u00a0ab, wozu auch unser Stammtisch geh\u00f6rt, wo das neueste Taucherlatein gepflegt wird.<\/p>\n<p style=\"text-align: justify;\">Aber auch f\u00fcr unser wichtigstes Anliegen, der Ausbildung, bietet der Clubraum gen\u00fcgend Platz und die notwendige Technik (z.B. Beamer), um die theoretischen Teile unserer Kurse durchzuf\u00fchren.<\/p>\n<p style=\"text-align: justify;\">Unsere Ausr\u00fcstung lagern und pflegen wir in einem gro\u00dfen Ger\u00e4teraum mit Werkstatt. Hier k\u00f6nnen Mitglieder Ausr\u00fcstungsteile leihen und ihre Pressluftflaschen f\u00fcllen.<\/p>\n<div id=\"attachment_1241\" style=\"width: 300px\" class=\"wp-caption alignright\"><a href=\"http:\/\/www.tauchclub-freiburg.de\/cms\/wp-content\/uploads\/2012\/10\/Kompressor.jpg\"><img loading=\"lazy\" decoding=\"async\" aria-describedby=\"caption-attachment-1241\" class=\"size-medium wp-image-1241\" title=\"Kompressor\" src=\"http:\/\/www.tauchclub-freiburg.de\/cms\/wp-content\/uploads\/2012\/10\/Kompressor-300x222.jpg\" alt=\"Kompressor im Clubheim des 1. TCF\" width=\"300\" height=\"222\" srcset=\"https:\/\/www.tauchclub-freiburg.de\/cms\/wp-content\/uploads\/2012\/10\/Kompressor-300x222.jpg 300w, https:\/\/www.tauchclub-freiburg.de\/cms\/wp-content\/uploads\/2012\/10\/Kompressor-600x445.jpg 600w, https:\/\/www.tauchclub-freiburg.de\/cms\/wp-content\/uploads\/2012\/10\/Kompressor.jpg 880w\" sizes=\"auto, (max-width: 300px) 100vw, 300px\" \/><\/a><p id=\"caption-attachment-1241\" class=\"wp-caption-text\">Kompressor im Clubheim des 1. TCF<\/p><\/div>\n<p style=\"text-align: justify;\">Herzst\u00fcck des Ger\u00e4teraums ist unsere Leistungsstarke Bauer-Kompressoranlage mit 300bar-Technik und 3 x 50l 300bar-Speicherflaschen.<\/p>\n<p style=\"text-align: justify;\">Besonders stolz sind wir zudem auf unsere Partialdruck-Mischgasanlage mit der wir auch in der lage sind, Atemgase, wie Nitrox oder Trimix in beliebiger Zusammensetzung f\u00fcr das technische Tauchen herzustellen.<\/p>\n","protected":false},"excerpt":{"rendered":"<p>Treffpunkt am Ufer des Fl\u00fcckiger Sees (Anfahrt) Unser 1995 erbautes Clubheim befindet sich direkt im Herzen von Freiburg auf dem Gel\u00e4nde des Seeparks, nur 50m vom \u00f6stlichen Ufer des Fl\u00fcckiger Sees entfernt. Wer mag kann im &#8222;Fl\u00fccki&#8220; tauchen gehen und davor bzw. danach Umkleider\u00e4ume und Duschen des Clubheims nutzen. Nach dem Tauchgang bietet unser Clubheim &hellip; <\/p>\n<p><a class=\"more-link btn\" href=\"https:\/\/www.tauchclub-freiburg.de\/cms\/der-verein\/clubheim\/\">Weiterlesen<\/a><\/p>\n","protected":false},"author":1,"featured_media":0,"parent":5,"menu_order":0,"comment_status":"closed","ping_status":"open","template":"","meta":{"footnotes":""},"class_list":["post-8","page","type-page","status-publish","hentry","nodate","item-wrap"],"_links":{"self":[{"href":"https:\/\/www.tauchclub-freiburg.de\/cms\/wp-json\/wp\/v2\/pages\/8","targetHints":{"allow":["GET"]}}],"collection":[{"href":"https:\/\/www.tauchclub-freiburg.de\/cms\/wp-json\/wp\/v2\/pages"}],"about":[{"href":"https:\/\/www.tauchclub-freiburg.de\/cms\/wp-json\/wp\/v2\/types\/page"}],"author":[{"embeddable":true,"href":"https:\/\/www.tauchclub-freiburg.de\/cms\/wp-json\/wp\/v2\/users\/1"}],"replies":[{"embeddable":true,"href":"https:\/\/www.tauchclub-freiburg.de\/cms\/wp-json\/wp\/v2\/comments?post=8"}],"version-history":[{"count":21,"href":"https:\/\/www.tauchclub-freiburg.de\/cms\/wp-json\/wp\/v2\/pages\/8\/revisions"}],"predecessor-version":[{"id":1252,"href":"https:\/\/www.tauchclub-freiburg.de\/cms\/wp-json\/wp\/v2\/pages\/8\/revisions\/1252"}],"up":[{"embeddable":true,"href":"https:\/\/www.tauchclub-freiburg.de\/cms\/wp-json\/wp\/v2\/pages\/5"}],"wp:attachment":[{"href":"https:\/\/www.tauchclub-freiburg.de\/cms\/wp-json\/wp\/v2\/media?parent=8"}],"curies":[{"name":"wp","href":"https:\/\/api.w.org\/{rel}","templated":true}]}}