{"id":54,"date":"2010-06-27T07:19:29","date_gmt":"2010-06-27T07:19:29","guid":{"rendered":"http:\/\/www.tauchclub-freiburg.de\/cms\/?page_id=54"},"modified":"2019-12-12T12:04:13","modified_gmt":"2019-12-12T11:04:13","slug":"clubbeitritt","status":"publish","type":"page","link":"https:\/\/www.tauchclub-freiburg.de\/cms\/der-verein\/clubbeitritt\/","title":{"rendered":"Clubbeitritt"},"content":{"rendered":"<h2>Aufnahmebedingungen<\/h2>\n<ul>\n<li>Die Aufnahme erfolgt nach Antragsstellung durch Beschluss des Vorstandes. Dem Antrag sind ein g\u00fcltiges tauchsport\u00e4rztliches Attest sowie ein Bild im Format 9cm x 13 cm (Hochformat) beizulegen. Die Teilnahme am Lastschriftverfahren ist obligatorisch.<\/li>\n<li>Die Aufnahmegeb\u00fchr betr\u00e4gt zur Zeit \u20ac 80,00 f\u00fcr Erwachsene bzw. \u20ac 40,00 f\u00fcr Jugendliche sowie Sch\u00fcler, Studenten und Auszubildende bis zum Alter von einschlie\u00dflich 26 Jahren. Die Aufnahmegeb\u00fchr entf\u00e4llt bei Kindern, Mitgliedsschaft auf Zeit (maximal 18 Monate) und passiven Mitglieder. Die Aufnahmegeb\u00fchr ist bei Wechsel vom passiven in aktiven Status nachzuentrichten.<\/li>\n<li>Der Beitrag f\u00fcr drei Monate betr\u00e4gt \u20ac 39,00 f\u00fcr Erwachsene bzw. \u20ac 25,00 f\u00fcr Ehepartner, Jugendliche sowie Sch\u00fcler, Studenten und Auszubildende ab 19 Jahren bis zum Alter von einschlie\u00dflich 26 Jahren. Passive Mitglieder zahlen \u20ac 18,00 im Quartal. Kinder von 15-18 Jahre zahlen \u20ac 20,00. Kinder unter 14 Jahren \u20ac 18,00.<\/li>\n<li>Kinder von aktiven Mitgliedern sind bis einschlie\u00dflich 14 Jahren beitragsfrei gestellt.<\/li>\n<li>Die Mitgliedschaft auf Zeit erlischt automatisch nach sp\u00e4testens 18 Monaten.<\/li>\n<li>Passive Mitglieder werden beim VDST nicht gemeldet.<\/li>\n<li>Der Nachweis f\u00fcr Sch\u00fcler, Auszubildende und Studenten ist halbj\u00e4hrlich unaufgefordert zu erbringen<\/li>\n<li>Der Beitrag beinhaltet:\n<ul>\n<li>Jahresbeitrag beim VDST: \u20ac 14.45 f\u00fcr Erwachsene bzw. \u20ac 10.80 f\u00fcr Jugendliche<br \/>\nDerzeit erhalten alle VDST Mitglieder die monatlich erscheinende Verbandszeitschrift \u201dDer Sporttaucher\u201d.<\/li>\n<li>Hotline und Sportversicherung beim VDST: \u20ac 13.20 f\u00fcr Erwachsene bzw. \u20ac 10.71 f\u00fcr Jugendliche, Kinder bis 14 Jahre beitragsfrei<br \/>\nDies beinhaltet eine Unfall-, Haftpflicht- und Rechtsschutzversicherung im vertragsgem\u00e4\u00dfen Rahmen bei tauchsportlichen Aktivit\u00e4ten bei der Gerling-Konzern-Allgemeine-Versicherungs-AG, K\u00f6ln, sowie eine Auslandsreise-Krankenversicherung mit tauchmedizinischer Notfallberatung bei der Globale Krankenversicherungs-AG.<\/li>\n<li>Jahresbeitrag beim BTSV: \u20ac 4.00 f\u00fcr Erwachsene bzw. \u20ac 1.80 f\u00fcr Jugendliche<\/li>\n<li>Jahresbeitrag beim BSB: \u20ac 3.10 f\u00fcr Erwachsene, \u20ac 2.60 f\u00fcr Jugendliche bzw. \u20ac 1.30 f\u00fcr Kinder<\/li>\n<\/ul>\n<\/li>\n<\/ul>\n<p>Alle Angaben ohne Gew\u00e4hr<br \/>\n<a href=\"http:\/\/www.tauchclub-freiburg.de\/cms\/wp-content\/uploads\/2019\/03\/Satzung%201_TCF_Stand_07_%202018.pdf\">Satzung zum Download<\/a><\/p>\n","protected":false},"excerpt":{"rendered":"<p>Aufnahmebedingungen Die Aufnahme erfolgt nach Antragsstellung durch Beschluss des Vorstandes. Dem Antrag sind ein g\u00fcltiges tauchsport\u00e4rztliches Attest sowie ein Bild im Format 9cm x 13 cm (Hochformat) beizulegen. Die Teilnahme am Lastschriftverfahren ist obligatorisch. Die Aufnahmegeb\u00fchr betr\u00e4gt zur Zeit \u20ac 80,00 f\u00fcr Erwachsene bzw. \u20ac 40,00 f\u00fcr Jugendliche sowie Sch\u00fcler, Studenten und Auszubildende bis zum &hellip; <\/p>\n<p><a class=\"more-link btn\" href=\"https:\/\/www.tauchclub-freiburg.de\/cms\/der-verein\/clubbeitritt\/\">Weiterlesen<\/a><\/p>\n","protected":false},"author":1,"featured_media":0,"parent":5,"menu_order":0,"comment_status":"closed","ping_status":"closed","template":"","meta":{"footnotes":""},"class_list":["post-54","page","type-page","status-publish","hentry","nodate","item-wrap"],"_links":{"self":[{"href":"https:\/\/www.tauchclub-freiburg.de\/cms\/wp-json\/wp\/v2\/pages\/54","targetHints":{"allow":["GET"]}}],"collection":[{"href":"https:\/\/www.tauchclub-freiburg.de\/cms\/wp-json\/wp\/v2\/pages"}],"about":[{"href":"https:\/\/www.tauchclub-freiburg.de\/cms\/wp-json\/wp\/v2\/types\/page"}],"author":[{"embeddable":true,"href":"https:\/\/www.tauchclub-freiburg.de\/cms\/wp-json\/wp\/v2\/users\/1"}],"replies":[{"embeddable":true,"href":"https:\/\/www.tauchclub-freiburg.de\/cms\/wp-json\/wp\/v2\/comments?post=54"}],"version-history":[{"count":11,"href":"https:\/\/www.tauchclub-freiburg.de\/cms\/wp-json\/wp\/v2\/pages\/54\/revisions"}],"predecessor-version":[{"id":3305,"href":"https:\/\/www.tauchclub-freiburg.de\/cms\/wp-json\/wp\/v2\/pages\/54\/revisions\/3305"}],"up":[{"embeddable":true,"href":"https:\/\/www.tauchclub-freiburg.de\/cms\/wp-json\/wp\/v2\/pages\/5"}],"wp:attachment":[{"href":"https:\/\/www.tauchclub-freiburg.de\/cms\/wp-json\/wp\/v2\/media?parent=54"}],"curies":[{"name":"wp","href":"https:\/\/api.w.org\/{rel}","templated":true}]}}