{"id":51,"date":"2010-06-27T07:14:16","date_gmt":"2010-06-27T07:14:16","guid":{"rendered":"http:\/\/www.tauchclub-freiburg.de\/cms\/?page_id=51"},"modified":"2018-01-19T15:53:30","modified_gmt":"2018-01-19T14:53:30","slug":"uw-fotografie","status":"publish","type":"page","link":"https:\/\/www.tauchclub-freiburg.de\/cms\/abteilungen\/uw-fotografie\/","title":{"rendered":"UW Fotografie"},"content":{"rendered":"<h3><strong>Unterwasserfotografie &#8211; Bilder aus einer anderen Welt<\/strong><\/h3>\n<div><\/div>\n<p>F\u00fcr viele Taucher ist die Unterwasser-Fotographie eine ideale Erg\u00e4nzung zum Tauchen. Zum einen erlaubt sie, das gesehene unter Wasser festzuhalten und die ganze Farbenpracht unter Wasser, die vor Ort ohne zus\u00e4tzliches Licht gar nicht so vortritt, an Land erst richtig zu erleben. Zum anderen gibt sie die M\u00f6glichkeit, die eigene Kreativit\u00e4t auszuleben und sich in UW-Foto-Wettbewerben mit anderen zu messen.<\/p>\n<h3><strong>Unterwasserfotografie ist eine besondere Herausforderung<\/strong><\/h3>\n<div style=\"padding: 5px 0 0 10px; float: right;\"><\/div>\n<p>Zum Einen erfolgen die Aufnahmen nicht in dem Medium, f\u00fcr das die Fotoausr\u00fcstung konzipiert und f\u00fcr das der Sensor (oder Film) sensibilisiert ist, sondern im Wasser. Wasser filtert in Abh\u00e4ngigkeit von der Tauchtiefe bestimmte Bestandteile des Lichts st\u00e4rker als Luft, was auf Unterwasser-Fotografien zu Gr\u00fcn- oder Blaustichen f\u00fchren kann. Schwebstoffe im Wasser f\u00fchren au\u00dferdem dazu, dass die Transparenz des Wassers im Vergleich zur Luft deutlich eingeschr\u00e4nkt ist. Gew\u00f6hnlich werden Sichtweiten von 15 bis 30 Metern erreicht. Gelegentlich sinkt die Transparenz des Wasser im Minimum auf Null, oder sie erreicht im Maximum um die 100 Meter.<\/p>\n<div id=\"attachment_2770\" style=\"width: 225px\" class=\"wp-caption alignleft\"><a href=\"http:\/\/www.tauchclub-freiburg.de\/cms\/wp-content\/uploads\/2010\/06\/Erschig-3091156-2.jpg\"><img loading=\"lazy\" decoding=\"async\" aria-describedby=\"caption-attachment-2770\" class=\"wp-image-2770 size-medium\" src=\"http:\/\/www.tauchclub-freiburg.de\/cms\/wp-content\/uploads\/2010\/06\/Erschig-3091156-2-225x300.jpg\" alt=\"Taucher in einer H\u00f6hle\" width=\"225\" height=\"300\" srcset=\"https:\/\/www.tauchclub-freiburg.de\/cms\/wp-content\/uploads\/2010\/06\/Erschig-3091156-2-225x300.jpg 225w, https:\/\/www.tauchclub-freiburg.de\/cms\/wp-content\/uploads\/2010\/06\/Erschig-3091156-2-768x1024.jpg 768w, https:\/\/www.tauchclub-freiburg.de\/cms\/wp-content\/uploads\/2010\/06\/Erschig-3091156-2-600x800.jpg 600w, https:\/\/www.tauchclub-freiburg.de\/cms\/wp-content\/uploads\/2010\/06\/Erschig-3091156-2.jpg 800w\" sizes=\"auto, (max-width: 225px) 100vw, 225px\" \/><\/a><p id=\"caption-attachment-2770\" class=\"wp-caption-text\"><em>Taucher in einer H\u00f6hle<\/em><\/p><\/div>\n<div id=\"attachment_2771\" style=\"width: 225px\" class=\"wp-caption alignright\"><a href=\"http:\/\/www.tauchclub-freiburg.de\/cms\/wp-content\/uploads\/2010\/06\/Erschig-3091243.jpg\"><img loading=\"lazy\" decoding=\"async\" aria-describedby=\"caption-attachment-2771\" class=\"wp-image-2771 size-medium\" src=\"http:\/\/www.tauchclub-freiburg.de\/cms\/wp-content\/uploads\/2010\/06\/Erschig-3091243-225x300.jpg\" alt=\"Taucher mit Kamera\" width=\"225\" height=\"300\" srcset=\"https:\/\/www.tauchclub-freiburg.de\/cms\/wp-content\/uploads\/2010\/06\/Erschig-3091243-225x300.jpg 225w, https:\/\/www.tauchclub-freiburg.de\/cms\/wp-content\/uploads\/2010\/06\/Erschig-3091243-768x1024.jpg 768w, https:\/\/www.tauchclub-freiburg.de\/cms\/wp-content\/uploads\/2010\/06\/Erschig-3091243-600x800.jpg 600w, https:\/\/www.tauchclub-freiburg.de\/cms\/wp-content\/uploads\/2010\/06\/Erschig-3091243.jpg 800w\" sizes=\"auto, (max-width: 225px) 100vw, 225px\" \/><\/a><p id=\"caption-attachment-2771\" class=\"wp-caption-text\"><em>Taucher mit Kamera<\/em><\/p><\/div>\n<p>Zum anderen sind sowohl der Fotograf als auch das Motiv (Fische, Meeress\u00e4ugetiere) in st\u00e4ndiger Bewegung. Insbesondere durch Wasserstr\u00f6mungen bei Korallenriffen kann es schwierig sein, die Kamera halbwegs still zu halten. Zwar gibt es auch hier Techniken dies zu minimieren, aber auch das ist eine Herausforderung an das K\u00f6nnen des Tauchers.<\/p>\n","protected":false},"excerpt":{"rendered":"<p>Unterwasserfotografie &#8211; Bilder aus einer anderen Welt F\u00fcr viele Taucher ist die Unterwasser-Fotographie eine ideale Erg\u00e4nzung zum Tauchen. Zum einen erlaubt sie, das gesehene unter Wasser festzuhalten und die ganze Farbenpracht unter Wasser, die vor Ort ohne zus\u00e4tzliches Licht gar nicht so vortritt, an Land erst richtig zu erleben. Zum anderen gibt sie die M\u00f6glichkeit, &hellip; <\/p>\n<p><a class=\"more-link btn\" href=\"https:\/\/www.tauchclub-freiburg.de\/cms\/abteilungen\/uw-fotografie\/\">Weiterlesen<\/a><\/p>\n","protected":false},"author":1,"featured_media":0,"parent":46,"menu_order":2,"comment_status":"closed","ping_status":"closed","template":"","meta":{"footnotes":""},"class_list":["post-51","page","type-page","status-publish","hentry","nodate","item-wrap"],"_links":{"self":[{"href":"https:\/\/www.tauchclub-freiburg.de\/cms\/wp-json\/wp\/v2\/pages\/51","targetHints":{"allow":["GET"]}}],"collection":[{"href":"https:\/\/www.tauchclub-freiburg.de\/cms\/wp-json\/wp\/v2\/pages"}],"about":[{"href":"https:\/\/www.tauchclub-freiburg.de\/cms\/wp-json\/wp\/v2\/types\/page"}],"author":[{"embeddable":true,"href":"https:\/\/www.tauchclub-freiburg.de\/cms\/wp-json\/wp\/v2\/users\/1"}],"replies":[{"embeddable":true,"href":"https:\/\/www.tauchclub-freiburg.de\/cms\/wp-json\/wp\/v2\/comments?post=51"}],"version-history":[{"count":20,"href":"https:\/\/www.tauchclub-freiburg.de\/cms\/wp-json\/wp\/v2\/pages\/51\/revisions"}],"predecessor-version":[{"id":2773,"href":"https:\/\/www.tauchclub-freiburg.de\/cms\/wp-json\/wp\/v2\/pages\/51\/revisions\/2773"}],"up":[{"embeddable":true,"href":"https:\/\/www.tauchclub-freiburg.de\/cms\/wp-json\/wp\/v2\/pages\/46"}],"wp:attachment":[{"href":"https:\/\/www.tauchclub-freiburg.de\/cms\/wp-json\/wp\/v2\/media?parent=51"}],"curies":[{"name":"wp","href":"https:\/\/api.w.org\/{rel}","templated":true}]}}