{"id":5,"date":"2010-04-10T20:38:31","date_gmt":"2010-04-10T18:38:31","guid":{"rendered":"http:\/\/localhost\/tauchverein\/cms\/?page_id=5"},"modified":"2022-04-30T09:40:24","modified_gmt":"2022-04-30T07:40:24","slug":"der-verein","status":"publish","type":"page","link":"https:\/\/www.tauchclub-freiburg.de\/cms\/der-verein\/","title":{"rendered":"Verein"},"content":{"rendered":"<p>Der 1. Tauchclub Freiburg e.V. ist ein mit seiner Heimatstadt Freiburg im Breisgau sehr verbundener und am Seepark ans\u00e4ssiger Tauchverein, der sowohl dem Verband der Deutschen Sporttaucher wie auch dem Badischen Tauchverband angeh\u00f6rt und sich sportlich, \u00f6kologisch und kulturell regional engagiert<\/p>\n\n\n<p><\/p>\n","protected":false},"excerpt":{"rendered":"<p>Der 1. Tauchclub Freiburg e.V. ist ein mit seiner Heimatstadt Freiburg im Breisgau sehr verbundener und am Seepark ans\u00e4ssiger Tauchverein, der sowohl dem Verband der Deutschen Sporttaucher wie auch dem Badischen Tauchverband angeh\u00f6rt und sich sportlich, \u00f6kologisch und kulturell regional engagiert<\/p>\n","protected":false},"author":1,"featured_media":0,"parent":0,"menu_order":3,"comment_status":"closed","ping_status":"closed","template":"","meta":{"footnotes":""},"class_list":["post-5","page","type-page","status-publish","hentry","nodate","item-wrap"],"_links":{"self":[{"href":"https:\/\/www.tauchclub-freiburg.de\/cms\/wp-json\/wp\/v2\/pages\/5","targetHints":{"allow":["GET"]}}],"collection":[{"href":"https:\/\/www.tauchclub-freiburg.de\/cms\/wp-json\/wp\/v2\/pages"}],"about":[{"href":"https:\/\/www.tauchclub-freiburg.de\/cms\/wp-json\/wp\/v2\/types\/page"}],"author":[{"embeddable":true,"href":"https:\/\/www.tauchclub-freiburg.de\/cms\/wp-json\/wp\/v2\/users\/1"}],"replies":[{"embeddable":true,"href":"https:\/\/www.tauchclub-freiburg.de\/cms\/wp-json\/wp\/v2\/comments?post=5"}],"version-history":[{"count":15,"href":"https:\/\/www.tauchclub-freiburg.de\/cms\/wp-json\/wp\/v2\/pages\/5\/revisions"}],"predecessor-version":[{"id":3731,"href":"https:\/\/www.tauchclub-freiburg.de\/cms\/wp-json\/wp\/v2\/pages\/5\/revisions\/3731"}],"wp:attachment":[{"href":"https:\/\/www.tauchclub-freiburg.de\/cms\/wp-json\/wp\/v2\/media?parent=5"}],"curies":[{"name":"wp","href":"https:\/\/api.w.org\/{rel}","templated":true}]}}