{"id":46,"date":"2010-06-27T07:12:24","date_gmt":"2010-06-27T05:12:24","guid":{"rendered":"http:\/\/www.tauchclub-freiburg.de\/cms\/?page_id=46"},"modified":"2023-01-26T13:11:21","modified_gmt":"2023-01-26T12:11:21","slug":"abteilungen","status":"publish","type":"page","link":"https:\/\/www.tauchclub-freiburg.de\/cms\/abteilungen\/","title":{"rendered":"Ressorts"},"content":{"rendered":"<p>Der Tauchclub Freiburg setzt sich aus verschiedenen Abteilungen zusammen. Darunter f\u00e4llt unser<br \/>\n<a href=\"?page_id=30\">Unterwasserrugby-Team<\/a>, unsere <a href=\"?page_id=24\">Jugendabteilung<\/a>, unsere <a href=\"?page_id=35\">Apnoe-Taucher<\/a>, einige <a href=\"?page_id=51\">Unterwasser-Photographen<\/a> und nat\u00fcrlich unsere <a href=\"?page_id=98\">Ger\u00e4tetaucher<\/a>.<\/p>\n","protected":false},"excerpt":{"rendered":"<p>Der Tauchclub Freiburg setzt sich aus verschiedenen Abteilungen zusammen. Darunter f\u00e4llt unser Unterwasserrugby-Team, unsere Jugendabteilung, unsere Apnoe-Taucher, einige Unterwasser-Photographen und nat\u00fcrlich unsere Ger\u00e4tetaucher.<\/p>\n","protected":false},"author":1,"featured_media":0,"parent":0,"menu_order":3,"comment_status":"closed","ping_status":"closed","template":"","meta":{"footnotes":""},"class_list":["post-46","page","type-page","status-publish","hentry","nodate","item-wrap"],"_links":{"self":[{"href":"https:\/\/www.tauchclub-freiburg.de\/cms\/wp-json\/wp\/v2\/pages\/46","targetHints":{"allow":["GET"]}}],"collection":[{"href":"https:\/\/www.tauchclub-freiburg.de\/cms\/wp-json\/wp\/v2\/pages"}],"about":[{"href":"https:\/\/www.tauchclub-freiburg.de\/cms\/wp-json\/wp\/v2\/types\/page"}],"author":[{"embeddable":true,"href":"https:\/\/www.tauchclub-freiburg.de\/cms\/wp-json\/wp\/v2\/users\/1"}],"replies":[{"embeddable":true,"href":"https:\/\/www.tauchclub-freiburg.de\/cms\/wp-json\/wp\/v2\/comments?post=46"}],"version-history":[{"count":7,"href":"https:\/\/www.tauchclub-freiburg.de\/cms\/wp-json\/wp\/v2\/pages\/46\/revisions"}],"predecessor-version":[{"id":2034,"href":"https:\/\/www.tauchclub-freiburg.de\/cms\/wp-json\/wp\/v2\/pages\/46\/revisions\/2034"}],"wp:attachment":[{"href":"https:\/\/www.tauchclub-freiburg.de\/cms\/wp-json\/wp\/v2\/media?parent=46"}],"curies":[{"name":"wp","href":"https:\/\/api.w.org\/{rel}","templated":true}]}}