{"id":3536,"date":"2021-05-16T14:30:19","date_gmt":"2021-05-16T12:30:19","guid":{"rendered":"https:\/\/www.tauchclub-freiburg.de\/cms\/?page_id=3536"},"modified":"2021-06-01T18:57:53","modified_gmt":"2021-06-01T16:57:53","slug":"protokolle-der-mitgliederversammlungen","status":"publish","type":"page","link":"https:\/\/www.tauchclub-freiburg.de\/cms\/mitglieder\/protokolle-der-mitgliederversammlungen\/","title":{"rendered":"Mitgliederversammlung 2021"},"content":{"rendered":"\n<h2 class=\"wp-block-heading\" style=\"line-height:1\">Protokoll<\/h2>\n\n\n\n<p><a href=\"https:\/\/www.tauchclub-freiburg.de\/cms\/wp-content\/uploads\/2021\/05\/Protokoll_MV_2021_210416_final.pdf\">Protokoll MV 2021<\/a><\/p>\n\n\n\n<h2 class=\"wp-block-heading\" style=\"line-height:1.5\">T\u00e4tigkeitsberichte<\/h2>\n\n\n\n<p style=\"line-height:1\"><a href=\"https:\/\/www.tauchclub-freiburg.de\/cms\/wp-content\/uploads\/2021\/06\/20210406Taetigkeitsbericht-des-Vorsitzenden-zum-Geschaeftsjahr-2020.pdf\">T\u00e4tigkeitsbericht 1. Vorsitzender<\/a> <\/p>\n\n\n\n<p style=\"line-height:1\"><a href=\"https:\/\/www.tauchclub-freiburg.de\/cms\/wp-content\/uploads\/2021\/06\/Taetigkeitsbericht-2.-Vorstand_20_21.pdf\">T\u00e4tigkeitsbericht 2. Vorsitzender<\/a><\/p>\n\n\n\n<p style=\"line-height:1\"><a href=\"https:\/\/www.tauchclub-freiburg.de\/cms\/wp-content\/uploads\/2021\/06\/Taetigkeitsbericht_Schriftfuehrerin_2020_ReginaPavlovic.pdf\">T\u00e4tigkeitsbericht Schriftf\u00fchrerin<\/a>  <\/p>\n\n\n\n<p style=\"line-height:1\"><a href=\"https:\/\/www.tauchclub-freiburg.de\/cms\/wp-content\/uploads\/2021\/06\/Taetigkeitsbericht-Kassenwart-1.TCF-2.pdf\">T\u00e4tigkeitsbericht Kassenverwalterin<\/a><\/p>\n\n\n\n<p style=\"line-height:1\"><a href=\"https:\/\/www.tauchclub-freiburg.de\/cms\/wp-content\/uploads\/2021\/06\/210416-taetigkeitsbericht-ausbildung.pdf\">T\u00e4tigkeitsbericht Ausbildung<\/a><\/p>\n\n\n\n<p style=\"line-height:1\"><a href=\"https:\/\/www.tauchclub-freiburg.de\/cms\/wp-content\/uploads\/2021\/06\/Taetigkeitsbericht_Geraetewart_Medienwart_MV_2021.pdf\">T\u00e4tigkeitsbericht Ger\u00e4te- und Medienwart<\/a><\/p>\n\n\n\n<p style=\"line-height:1\"><a href=\"https:\/\/www.tauchclub-freiburg.de\/cms\/wp-content\/uploads\/2021\/06\/Taetigkeitbericht-Clubheimwart-2021.pdf\">T\u00e4tigkeitsbericht Clubheimwart<\/a><\/p>\n\n\n\n<p style=\"line-height:1\"><a href=\"https:\/\/www.tauchclub-freiburg.de\/cms\/wp-content\/uploads\/2021\/06\/Taetigkeitbericht-Beisitzerin-2021.pdf\">T\u00e4tigkeitsbericht Beisitzerin<\/a><\/p>\n\n\n\n<p style=\"line-height:1\"><a href=\"https:\/\/www.tauchclub-freiburg.de\/cms\/wp-content\/uploads\/2021\/06\/Taetigkeitsbericht-Orga.pdf\">T\u00e4tigkeitsbericht Organisationswart<\/a><\/p>\n\n\n\n<h2 class=\"wp-block-heading\">Weitere Dokumente<\/h2>\n\n\n\n<p style=\"line-height:1\"><a href=\"https:\/\/www.tauchclub-freiburg.de\/cms\/wp-content\/uploads\/2021\/06\/Bericht-der-Kassenpruefer-2020.pdf\">Bericht der Kassenpr\u00fcfer<\/a><\/p>\n","protected":false},"excerpt":{"rendered":"<p>Protokoll Protokoll MV 2021 T\u00e4tigkeitsberichte T\u00e4tigkeitsbericht 1. Vorsitzender T\u00e4tigkeitsbericht 2. Vorsitzender T\u00e4tigkeitsbericht Schriftf\u00fchrerin T\u00e4tigkeitsbericht Kassenverwalterin T\u00e4tigkeitsbericht Ausbildung T\u00e4tigkeitsbericht Ger\u00e4te- und Medienwart T\u00e4tigkeitsbericht Clubheimwart T\u00e4tigkeitsbericht Beisitzerin T\u00e4tigkeitsbericht Organisationswart Weitere Dokumente Bericht der Kassenpr\u00fcfer<\/p>\n","protected":false},"author":260,"featured_media":0,"parent":56,"menu_order":0,"comment_status":"closed","ping_status":"closed","template":"","meta":{"footnotes":""},"class_list":["post-3536","page","type-page","status-publish","hentry","nodate","item-wrap"],"_links":{"self":[{"href":"https:\/\/www.tauchclub-freiburg.de\/cms\/wp-json\/wp\/v2\/pages\/3536","targetHints":{"allow":["GET"]}}],"collection":[{"href":"https:\/\/www.tauchclub-freiburg.de\/cms\/wp-json\/wp\/v2\/pages"}],"about":[{"href":"https:\/\/www.tauchclub-freiburg.de\/cms\/wp-json\/wp\/v2\/types\/page"}],"author":[{"embeddable":true,"href":"https:\/\/www.tauchclub-freiburg.de\/cms\/wp-json\/wp\/v2\/users\/260"}],"replies":[{"embeddable":true,"href":"https:\/\/www.tauchclub-freiburg.de\/cms\/wp-json\/wp\/v2\/comments?post=3536"}],"version-history":[{"count":6,"href":"https:\/\/www.tauchclub-freiburg.de\/cms\/wp-json\/wp\/v2\/pages\/3536\/revisions"}],"predecessor-version":[{"id":3556,"href":"https:\/\/www.tauchclub-freiburg.de\/cms\/wp-json\/wp\/v2\/pages\/3536\/revisions\/3556"}],"up":[{"embeddable":true,"href":"https:\/\/www.tauchclub-freiburg.de\/cms\/wp-json\/wp\/v2\/pages\/56"}],"wp:attachment":[{"href":"https:\/\/www.tauchclub-freiburg.de\/cms\/wp-json\/wp\/v2\/media?parent=3536"}],"curies":[{"name":"wp","href":"https:\/\/api.w.org\/{rel}","templated":true}]}}