{"id":3169,"date":"2018-11-21T16:17:37","date_gmt":"2018-11-21T15:17:37","guid":{"rendered":"http:\/\/www.tauchclub-freiburg.de\/cms\/?page_id=3169"},"modified":"2018-11-22T12:30:28","modified_gmt":"2018-11-22T11:30:28","slug":"kurzbericht-von-der-zukunftswerkstatt","status":"publish","type":"page","link":"https:\/\/www.tauchclub-freiburg.de\/cms\/mitglieder\/kurzbericht-von-der-zukunftswerkstatt\/","title":{"rendered":"Kurzbericht von der Zukunftswerkstatt"},"content":{"rendered":"<h2>Hallo<\/h2>\n<p>Gestern, am Samstag 17.11.2018, haben wir mit der tollen Begleitung von Mona Frank unsere Zukunftswerkstatt durchgef\u00fchrt. Mit dabei waren insgesamt 23 Mitglieder, die sich alle sehr engagiert eingebracht haben.<\/p>\n<p>Begonnen haben wir mit einer gemeinsamen Analyse unserer Vereinsstrukturen. Danach \u00fcberlegten wir in Kleingruppen, wie es gelingen kann, den Verein in 5 Jahren erfolgreich auf zustellen. Herausgekommen ist eine F\u00fclle von Ideen. Klar war uns, dass davon nicht alles gleich umgesetzt werden kann. Also haben wir uns erst einmal bei \u201eSpagetti und Bolo\u201c gest\u00e4rkt. Danach unterzogen wir unsere Ideen einem Realit\u00e4tscheck und anschlie\u00dfend bearbeiteten wir f\u00fcnf Kernthemen. Am Ende zeigten sich f\u00fcr uns f\u00fcnf Zukunftsaufgaben:<\/p>\n<p class=\"wysija_list_item align-left\">\u2022&nbsp;Wir wollen uns daf\u00fcr einsetzen, dass wir unsere internen und externen Kommunikationsstrukturen verbessern. Diese m\u00fcssen technisch und organisatorisch so eingerichtet werden, dass wir alle Vereinsmitglieder erreichen. Unsere Vereinsmitglieder sollen schneller und aktuell \u00fcber Termine informiert werden bzw. sich selbst informieren k\u00f6nnen. Weiter war uns wichtig, auch mit anderen Vereinen und Medien besser zu kommunizieren. Hintergrund daf\u00fcr war unsere Erkenntnis, dass zwischen den Mitgliedern und den Sparten in unserem Verein eine bessere Vernetzung hergestellt werden muss.<\/p>\n<p class=\"wysija_list_item align-left\">\u2022&nbsp;Unsere Bad- und Trainingszeiten wollen wir f\u00fcr Familien, Kinder und Jugendliche angemessener und attraktiver gestalten. Dazu haben wir einen Vorschlag erarbeitet, den wir mit der Regiob\u00e4der AG besprechen wollen, mit dem Ziel unsere Vertr\u00e4ge anzupassen.<\/p>\n<p class=\"wysija_list_item align-left\">\u2022&nbsp;Damit unser Clubheim weiterhin ein Ort f\u00fcr alle Vereinsmitglieder bleibt, hat sich eine Gruppe gefunden, die Vorschl\u00e4ge erarbeiten m\u00f6chte, wie das Clubheim weiterhin f\u00fcr alle attraktiv bleiben kann.<\/p>\n<p class=\"wysija_list_item align-left\">\u2022&nbsp;Dar\u00fcber hinaus gab es viele Vorschl\u00e4ge, wie wir das Vereinsleben zuk\u00fcnftig attraktiv gestalten k\u00f6nnen, von Aktionen wie Stammtischen, Trainingszeiten und Trainingsformen, bis hin zu Ausfahrten. Gerade hier ist es uns wichtig bei der Organisation und Einladung alle Vereinsmitglieder im Blick zu haben.<\/p>\n<p>In den n\u00e4chsten Vorstandssitzungen werden wir also \u00fcberlegen und entscheiden, welche strategischen Schritte wir gehen werden. So k\u00f6nnen wir vielleicht schon bei der n\u00e4chsten Mitgliederversammlung Euch allen erste Ergebnisse mitteilen.<\/p>\n<p>Dass wir den Tag gestern so erfolgreich durchf\u00fchren konnten, lag zum ein an der guten Moderation von Mona Frank und zum anderen an der unkomplizierten Hilfe von allen, die da waren, sei es bei der Vorbereitung des Mittagsessens, des Sp\u00fclens wie der Vorbereitung des Clubheims. Vielen Dank von meiner Seite an alle, die da waren und mitgeholfen haben. Ihr seid super!!!<\/p>\n<p>Und noch zum Schluss: Patrick und Ilja haben ihre Trainer C Pr\u00fcfung erfolgreich abgeschlossen. Damit haben wir wieder zwei neue Trainer, die uns in der Ausbildung verst\u00e4rken. Herzlichen Gl\u00fcckwunsch an die beiden!<\/p>\n<p>&nbsp;<\/p>\n<p>Herzliche Gr\u00fc\u00dfe<\/p>\n<p>Philipp<\/p>\n<p>1.Vorsitzender<\/p>\n<p>&nbsp;<\/p>\n<p><a href=\"http:\/\/www.tauchclub-freiburg.de\/cms\/wp-content\/uploads\/2018\/11\/Fotoprotokoll_Tauchclub_171118.pdf\">Fotoprotokoll der Zukunftswerkstatt<\/a><\/p>\n","protected":false},"excerpt":{"rendered":"<p>Hallo Gestern, am Samstag 17.11.2018, haben wir mit der tollen Begleitung von Mona Frank unsere Zukunftswerkstatt durchgef\u00fchrt. Mit dabei waren insgesamt 23 Mitglieder, die sich alle sehr engagiert eingebracht haben. Begonnen haben wir mit einer gemeinsamen Analyse unserer Vereinsstrukturen. Danach \u00fcberlegten wir in Kleingruppen, wie es gelingen kann, den Verein in 5 Jahren erfolgreich auf &hellip; <\/p>\n<p><a class=\"more-link btn\" href=\"https:\/\/www.tauchclub-freiburg.de\/cms\/mitglieder\/kurzbericht-von-der-zukunftswerkstatt\/\">Weiterlesen<\/a><\/p>\n","protected":false},"author":279,"featured_media":0,"parent":56,"menu_order":10,"comment_status":"closed","ping_status":"closed","template":"","meta":{"footnotes":""},"class_list":["post-3169","page","type-page","status-publish","hentry","nodate","item-wrap"],"_links":{"self":[{"href":"https:\/\/www.tauchclub-freiburg.de\/cms\/wp-json\/wp\/v2\/pages\/3169","targetHints":{"allow":["GET"]}}],"collection":[{"href":"https:\/\/www.tauchclub-freiburg.de\/cms\/wp-json\/wp\/v2\/pages"}],"about":[{"href":"https:\/\/www.tauchclub-freiburg.de\/cms\/wp-json\/wp\/v2\/types\/page"}],"author":[{"embeddable":true,"href":"https:\/\/www.tauchclub-freiburg.de\/cms\/wp-json\/wp\/v2\/users\/279"}],"replies":[{"embeddable":true,"href":"https:\/\/www.tauchclub-freiburg.de\/cms\/wp-json\/wp\/v2\/comments?post=3169"}],"version-history":[{"count":1,"href":"https:\/\/www.tauchclub-freiburg.de\/cms\/wp-json\/wp\/v2\/pages\/3169\/revisions"}],"predecessor-version":[{"id":3170,"href":"https:\/\/www.tauchclub-freiburg.de\/cms\/wp-json\/wp\/v2\/pages\/3169\/revisions\/3170"}],"up":[{"embeddable":true,"href":"https:\/\/www.tauchclub-freiburg.de\/cms\/wp-json\/wp\/v2\/pages\/56"}],"wp:attachment":[{"href":"https:\/\/www.tauchclub-freiburg.de\/cms\/wp-json\/wp\/v2\/media?parent=3169"}],"curies":[{"name":"wp","href":"https:\/\/api.w.org\/{rel}","templated":true}]}}