{"id":30,"date":"2010-06-27T06:57:23","date_gmt":"2010-06-27T06:57:23","guid":{"rendered":"http:\/\/www.tauchclub-freiburg.de\/cms\/?page_id=30"},"modified":"2025-06-26T19:33:43","modified_gmt":"2025-06-26T17:33:43","slug":"uw-rugby","status":"publish","type":"page","link":"https:\/\/www.tauchclub-freiburg.de\/cms\/abteilungen\/uw-rugby\/","title":{"rendered":"Unterwasserrubgy"},"content":{"rendered":"<h2>Unterwasser-WAS?<\/h2>\n<p>Unterwasserrugby ist eine Mischung aus Schnorcheln, Flossenschwimmen, Handball und Ringen &#8211; und das Ganze in 3D. Das Spiel f\u00f6rdert nicht nur Koordination und Kondition im und Unterwasser, sondern auch das taktische Verst\u00e4ndnis und einen Blick f\u00fcr den freien Raum. Ziel ist es, einen etwa Handball-gro\u00dfen Ball in einen Korb zu bef\u00f6rdern, der in etwa 3 Metern Tiefe am Beckenboden befestigt ist. Eine gute Einf\u00fchrung auf englisch bietet <a href=\"https:\/\/www.youtube.com\/watch?v=Tm0DCCrHUmE\">dieses Video der australischen Kolleg:nnen<\/a>.<\/p>\n\n\n<figure class=\"wp-block-embed is-type-video is-provider-youtube wp-block-embed-youtube wp-embed-aspect-16-9 wp-has-aspect-ratio\"><div class=\"wp-block-embed__wrapper\">\n<iframe loading=\"lazy\" title=\"Underwater Rugby | PlaySport.com\" width=\"750\" height=\"422\" src=\"https:\/\/www.youtube.com\/embed\/dx4tbtoWzvA?feature=oembed\" frameborder=\"0\" allow=\"accelerometer; autoplay; clipboard-write; encrypted-media; gyroscope; picture-in-picture; web-share\" allowfullscreen><\/iframe>\n<\/div><figcaption class=\"wp-element-caption\">Werbevideo f\u00fcr UWR der Australier<\/figcaption><\/figure>\n\n\n\n<h3 class=\"wp-block-heading\">Training<\/h3>\n\n\n\n<p>Unser Training richtet sich an alle Geschlechters- und Altersgruppen (zur Zeit ist unsere j\u00fcngste Spielerin 15, und unsere \u00e4lteste Anfang 60). Trainiert wird zu unseren <a href=\"https:\/\/www.tauchclub-freiburg.de\/cms\/aktiv\/\" data-type=\"post_tag\">Trainingszeiten<\/a> &#8211; ein Probetraining ist jederzeit m\u00f6glich! Dazu einfach eine kurze Mail an<a href=\"mailto: ausbildung@tauchclub-freiburg.de\"> ausbildung@tauchclub-freiburg.de<\/a> schicken damit wir Euch das Material besorgen k\u00f6nnen. Zudem bieten wir in Kooperation mit dem Hochschulsport der Universit\u00e4t <a href=\"https:\/\/buchung.sport.uni-freiburg.de\/angebote\/aktueller_zeitraum\/_Unterwasser-Rugby_Schnupperangebot.html\">Schnupperkurse f\u00fcr Studierende<\/a>.<\/p>\n\n\n\n<h4 class=\"wp-block-heading\">English<\/h4>\n\n\n\n<p>Freiburg offers underwater rugby training sessions usually on Tuesdays and Fridays. If you are visiting the area give a short heads-up to <a href=\"mailto:ausbildung@tauchclub-freiburg.de\">ausbildung@tauchclub-freiburg.de<\/a> such that we can communicate the place and time.  Our coaches speak English, too. <\/p>\n\n\n\n<figure class=\"wp-block-embed is-type-video is-provider-youtube wp-block-embed-youtube wp-embed-aspect-16-9 wp-has-aspect-ratio\"><div class=\"wp-block-embed__wrapper\">\n<iframe loading=\"lazy\" title=\"What is underwater rugby? - Promotional video\" width=\"750\" height=\"422\" src=\"https:\/\/www.youtube.com\/embed\/Tm0DCCrHUmE?feature=oembed\" frameborder=\"0\" allow=\"accelerometer; autoplay; clipboard-write; encrypted-media; gyroscope; picture-in-picture; web-share\" allowfullscreen><\/iframe>\n<\/div><\/figure>\n\n\n\n<figure class=\"wp-block-image size-large\"><a href=\"https:\/\/www.tauchclub-freiburg.de\/cms\/wp-content\/uploads\/Unorganisiert\/training.png\"><img loading=\"lazy\" decoding=\"async\" width=\"1024\" height=\"541\" src=\"https:\/\/www.tauchclub-freiburg.de\/cms\/wp-content\/uploads\/Unorganisiert\/training-1024x541.png\" alt=\"\" class=\"wp-image-3817\" srcset=\"https:\/\/www.tauchclub-freiburg.de\/cms\/wp-content\/uploads\/Unorganisiert\/training-1024x541.png 1024w, https:\/\/www.tauchclub-freiburg.de\/cms\/wp-content\/uploads\/Unorganisiert\/training-300x158.png 300w, https:\/\/www.tauchclub-freiburg.de\/cms\/wp-content\/uploads\/Unorganisiert\/training-768x406.png 768w, https:\/\/www.tauchclub-freiburg.de\/cms\/wp-content\/uploads\/Unorganisiert\/training-1536x811.png 1536w, https:\/\/www.tauchclub-freiburg.de\/cms\/wp-content\/uploads\/Unorganisiert\/training-750x396.png 750w, https:\/\/www.tauchclub-freiburg.de\/cms\/wp-content\/uploads\/Unorganisiert\/training-1320x697.png 1320w, https:\/\/www.tauchclub-freiburg.de\/cms\/wp-content\/uploads\/Unorganisiert\/training.png 1838w\" sizes=\"auto, (max-width: 1024px) 100vw, 1024px\" \/><\/a><\/figure>\n","protected":false},"excerpt":{"rendered":"<p>Unterwasser-WAS? Unterwasserrugby ist eine Mischung aus Schnorcheln, Flossenschwimmen, Handball und Ringen &#8211; und das Ganze in 3D. Das Spiel f\u00f6rdert nicht nur Koordination und Kondition im und Unterwasser, sondern auch das taktische Verst\u00e4ndnis und einen Blick f\u00fcr den freien Raum. Ziel ist es, einen etwa Handball-gro\u00dfen Ball in einen Korb zu bef\u00f6rdern, der in etwa &hellip; <\/p>\n<p><a class=\"more-link btn\" href=\"https:\/\/www.tauchclub-freiburg.de\/cms\/abteilungen\/uw-rugby\/\">Weiterlesen<\/a><\/p>\n","protected":false},"author":1,"featured_media":0,"parent":46,"menu_order":2,"comment_status":"closed","ping_status":"closed","template":"","meta":{"footnotes":""},"class_list":["post-30","page","type-page","status-publish","hentry","nodate","item-wrap"],"_links":{"self":[{"href":"https:\/\/www.tauchclub-freiburg.de\/cms\/wp-json\/wp\/v2\/pages\/30","targetHints":{"allow":["GET"]}}],"collection":[{"href":"https:\/\/www.tauchclub-freiburg.de\/cms\/wp-json\/wp\/v2\/pages"}],"about":[{"href":"https:\/\/www.tauchclub-freiburg.de\/cms\/wp-json\/wp\/v2\/types\/page"}],"author":[{"embeddable":true,"href":"https:\/\/www.tauchclub-freiburg.de\/cms\/wp-json\/wp\/v2\/users\/1"}],"replies":[{"embeddable":true,"href":"https:\/\/www.tauchclub-freiburg.de\/cms\/wp-json\/wp\/v2\/comments?post=30"}],"version-history":[{"count":15,"href":"https:\/\/www.tauchclub-freiburg.de\/cms\/wp-json\/wp\/v2\/pages\/30\/revisions"}],"predecessor-version":[{"id":4047,"href":"https:\/\/www.tauchclub-freiburg.de\/cms\/wp-json\/wp\/v2\/pages\/30\/revisions\/4047"}],"up":[{"embeddable":true,"href":"https:\/\/www.tauchclub-freiburg.de\/cms\/wp-json\/wp\/v2\/pages\/46"}],"wp:attachment":[{"href":"https:\/\/www.tauchclub-freiburg.de\/cms\/wp-json\/wp\/v2\/media?parent=30"}],"curies":[{"name":"wp","href":"https:\/\/api.w.org\/{rel}","templated":true}]}}