{"id":24,"date":"2010-06-27T06:54:26","date_gmt":"2010-06-27T06:54:26","guid":{"rendered":"http:\/\/localhost\/tauchverein\/cms\/?page_id=24"},"modified":"2023-01-27T11:46:47","modified_gmt":"2023-01-27T10:46:47","slug":"jugend","status":"publish","type":"page","link":"https:\/\/www.tauchclub-freiburg.de\/cms\/abteilungen\/jugend\/","title":{"rendered":"Jugend &#038; Kinder"},"content":{"rendered":"<div class=\"wp-block-image\">\n<figure class=\"alignright\"><img decoding=\"async\" src=\"http:\/\/www.tauchclub-freiburg.de\/cms\/wp-content\/uploads\/2018\/01\/Jugend-1-300x217.jpg\" alt=\"\" class=\"wp-image-2988\"\/><\/figure>\n<\/div>\n\n\n<h3 class=\"wp-block-heading\">F\u00fcr Kinder<\/h3>\n\n\n<p>Bist du eine kleine Wasserratte und kaum aus dem Wasser zubekommen?<\/p>\n<p>Wolltest du schon immer die Unterwasserwelt erkunden?<\/p>\n<p>Dann bist du bei uns genau richtig!<\/p>\n<p>Bei uns kannst du fast alles rund ums Tauchen lernen.<\/p>\n<p>Und vor allem alles mit Spa\u00df! In unserem separaten Kindertraining kannst du deine Kondition ausbauen und lernst den richtigen Umgang mit Taucherbrille (Maske), Schnorchel und Flossen. Gerne helfen wir dir bei der Wahl der richtigen Ausr\u00fcstung &#8211; Weil Schnorchel nicht gleich Schnorchel ist.<\/p>\n\n\n<h2 class=\"wp-block-heading\">F\u00fcr Eltern<\/h2>\n\n\n\n<p>Tauchen ist nicht einfach eine Sportart bei der man sich bewegt, beim Tauchen kann und wird viel gelernt. Vor allem lernen Kinder, durch viel Spiel und Spa\u00df, Verantwortung zu \u00fcbernehmen &#8211; und das Ganze altersgerecht. <\/p>\n\n\n\n<h3 class=\"wp-block-heading\">Voraussetzungen<\/h3>\n\n\n\n<p>Um prinzipiell am Training teilnehmen zu k\u00f6nnen m\u00fcssen folgende Voraussetzungen erf\u00fcllt sein:<\/p>\n\n\n\n<ul class=\"wp-block-list\"><li>Begeisterung des Kindes bzw. der Jugendlichen f\u00fcrs Tauchen, Freiwilligkeit,<\/li><li>Sichere Schwimmf\u00e4higkeiten (Freischwimmabzeichen); eine Schwimmausbildung bieten wir leider nicht an<\/li><li>Fitness und Gesundheit: Tauchsport\u00e4rztliche Bescheinigung (muss noch nicht beim Probetraining vorliegen, sp\u00e4testens bei der Benutzung von Ger\u00e4t)<\/li><li>Fitness und Gesundheit: Bei Erk\u00e4ltungen kann auf keinen Fall mittrainiert und getaucht werden.<\/li><li>Alle gesetzlichen Vertreter m\u00fcssen eine Einverst\u00e4ndniserkl\u00e4rung f\u00fcr das Training und vor jedem Tauchgang unterschreiben.<\/li><\/ul>\n\n\n\n<h3 class=\"wp-block-heading\">Trainings<\/h3>\n\n\n\n<p>Informationen zum Jugendtraining kann in unserer <a href=\"https:\/\/www.tauchclub-freiburg.de\/cms\/aktiv\/\" data-type=\"page\" data-id=\"196\">Trainings\u00fcbersicht <\/a>gefunden werden. F\u00fcr ein kostenloses Jugendtraining k\u00f6nnen Sie uns <a href=\"https:\/\/www.tauchclub-freiburg.de\/cms\/kontakt\/\" data-type=\"page\" data-id=\"230\">gerne kontaktieren<\/a>.<\/p>\n\n\n\n<h2 class=\"wp-block-heading\">Jugendschutz<\/h2>\n\n\n\n<p>Der Tauchclub Freiburg ist verband\u00fcbergreifend in der Jugendschutzarbeit aktiv. Hierf\u00fcr hat er unter ein <a href=\"http:\/\/www.tauchclub-freiburg.de\/cms\/wp-content\/uploads\/2018\/06\/20180623Schutzkonzept1TCF.pdf\">Jugendschutzkonzept <\/a>erarbeitet, das beispielweise die Traininnen und Trainer zu einer regelm\u00e4\u00dfigen Einsichtnahme in ihr polizeiliches F\u00fchrungszeugnis verpflichtet, sowie die Ernennung zweier Jugendschutzbeauftragter, die seperat vom Vorstand unabh\u00e4ngig kontaktiert werden k\u00f6nnen.<\/p>\n\n\n\n<p>Micaela und Hannes sind unsere Kinder- und Jugendschutzbeauftragten. Sie sind unter folgenden Email Adressen zu erreichen:<\/p>\n\n\n\n<p>Micaela:&nbsp;&nbsp;&nbsp;&nbsp;&nbsp;&nbsp;&nbsp;&nbsp; <a href=\"mailto:jugendschutz-maedchen@tauchclub-freiburg.de\">jugendschutz-maedchen@tauchclub-freiburg.de<\/a><\/p>\n\n\n\n<p>Hannes:\u00a0\u00a0\u00a0\u00a0\u00a0\u00a0\u00a0\u00a0\u00a0\u00a0 <a href=\"mailto:jugendschutz-jungen@tauchclub-freiburg.de\">jugendschutz-jungen@tauchclub-freiburg.de<\/a><a href=\"http:\/\/www.tauchclub-freiburg.de\/cms\/wp-content\/uploads\/2018\/06\/20180623Schutzkonzept1TCF.pdf\"><\/a><\/p>\n","protected":false},"excerpt":{"rendered":"<p>F\u00fcr Kinder Bist du eine kleine Wasserratte und kaum aus dem Wasser zubekommen? Wolltest du schon immer die Unterwasserwelt erkunden? Dann bist du bei uns genau richtig! Bei uns kannst du fast alles rund ums Tauchen lernen. Und vor allem alles mit Spa\u00df! In unserem separaten Kindertraining kannst du deine Kondition ausbauen und lernst den &hellip; <\/p>\n<p><a class=\"more-link btn\" href=\"https:\/\/www.tauchclub-freiburg.de\/cms\/abteilungen\/jugend\/\">Weiterlesen<\/a><\/p>\n","protected":false},"author":1,"featured_media":0,"parent":46,"menu_order":4,"comment_status":"closed","ping_status":"open","template":"","meta":{"footnotes":""},"class_list":["post-24","page","type-page","status-publish","hentry","nodate","item-wrap"],"_links":{"self":[{"href":"https:\/\/www.tauchclub-freiburg.de\/cms\/wp-json\/wp\/v2\/pages\/24","targetHints":{"allow":["GET"]}}],"collection":[{"href":"https:\/\/www.tauchclub-freiburg.de\/cms\/wp-json\/wp\/v2\/pages"}],"about":[{"href":"https:\/\/www.tauchclub-freiburg.de\/cms\/wp-json\/wp\/v2\/types\/page"}],"author":[{"embeddable":true,"href":"https:\/\/www.tauchclub-freiburg.de\/cms\/wp-json\/wp\/v2\/users\/1"}],"replies":[{"embeddable":true,"href":"https:\/\/www.tauchclub-freiburg.de\/cms\/wp-json\/wp\/v2\/comments?post=24"}],"version-history":[{"count":21,"href":"https:\/\/www.tauchclub-freiburg.de\/cms\/wp-json\/wp\/v2\/pages\/24\/revisions"}],"predecessor-version":[{"id":3849,"href":"https:\/\/www.tauchclub-freiburg.de\/cms\/wp-json\/wp\/v2\/pages\/24\/revisions\/3849"}],"up":[{"embeddable":true,"href":"https:\/\/www.tauchclub-freiburg.de\/cms\/wp-json\/wp\/v2\/pages\/46"}],"wp:attachment":[{"href":"https:\/\/www.tauchclub-freiburg.de\/cms\/wp-json\/wp\/v2\/media?parent=24"}],"curies":[{"name":"wp","href":"https:\/\/api.w.org\/{rel}","templated":true}]}}