{"id":2104,"date":"2015-03-23T21:41:58","date_gmt":"2015-03-23T20:41:58","guid":{"rendered":"http:\/\/www.tauchclub-freiburg.de\/cms\/?page_id=2104"},"modified":"2015-06-08T16:36:24","modified_gmt":"2015-06-08T14:36:24","slug":"mitgliederversammlung-2015","status":"publish","type":"page","link":"https:\/\/www.tauchclub-freiburg.de\/cms\/mitglieder\/mitgliederversammlung-2015\/","title":{"rendered":"Mitgliederversammlung 2015"},"content":{"rendered":"<h2>Protokoll der MV 2015<\/h2>\n<p><a href=\"http:\/\/www.tauchclub-freiburg.de\/cms\/wp-content\/uploads\/2015\/06\/Protokoll Mitgliederversammlung-2015.pdf\">Protokoll<\/a><\/p>\n<p><a href=\"http:\/\/www.tauchclub-freiburg.de\/cms\/wp-content\/uploads\/2015\/06\/MV-2015.pdf\">Anhang &#8211; Pr\u00e4sentation<\/a><\/p>\n<h2>T\u00e4tigkeitsberichte 2014- 2015<\/h2>\n<p><a href=\"http:\/\/www.tauchclub-freiburg.de\/cms\/wp-content\/uploads\/2015\/03\/T\u00e4tigkeitsbericht-1Vorsitzender.pdf\">T\u00e4tigkeitsbericht 1. Vorsitzender Frank Oldenettel<\/a><\/p>\n<p><a href=\"http:\/\/www.tauchclub-freiburg.de\/cms\/wp-content\/uploads\/2015\/03\/T\u00e4tigkeitsbericht-2.-Vorsitzender-Reiner-Fabian-2015.pdf\">T\u00e4tigkeitsbericht 2. Vorsitzender Reiner Fabian<\/a><\/p>\n<p><a href=\"http:\/\/www.tauchclub-freiburg.de\/cms\/wp-content\/uploads\/2015\/03\/Taetigkeitsbericht-Schriftfuehrer-2014-2015.pdf\">T\u00e4tigkeitsbericht Schriftf\u00fchrerin Sigrid Oldenettel<\/a><\/p>\n<p><a href=\"http:\/\/www.tauchclub-freiburg.de\/cms\/wp-content\/uploads\/2015\/03\/T\u00c3\u00a4tigkeitsnachweis-Unterwasserrugby.pdf\">T\u00e4tigkeitsbericht Unterwasserrugby Stefan Brantin<\/a><\/p>\n<p><a href=\"http:\/\/www.tauchclub-freiburg.de\/cms\/wp-content\/uploads\/2015\/03\/2014Jahresbericht-des-Bereichs-Ausbildung-f\u00fcr-MV-2015.pdf\">T\u00e4tigkeitsbericht Ausbildung Philipp Fuchs<\/a><\/p>\n<p><a href=\"http:\/\/www.tauchclub-freiburg.de\/cms\/wp-content\/uploads\/2015\/03\/Taetigkeitsbericht-2014-2015-Jugend.pdf\">T\u00e4tigkeitsbericht Jugend Alexandra Thum<\/a><\/p>\n<p><a href=\"http:\/\/www.tauchclub-freiburg.de\/cms\/wp-content\/uploads\/2015\/03\/Taetigkeitsbericht-2014-2015-Veranstaltungen.pdf\">T\u00e4tigkeitsbericht Veranstaltungen Thomas Benkler<\/a><\/p>\n<p><a href=\"http:\/\/www.tauchclub-freiburg.de\/cms\/wp-content\/uploads\/2015\/03\/Taetigkeitbericht-Clubheimwart.pdf\">T\u00e4tigkeitsbericht Clubheimwart Florian Dieringer<\/a><\/p>\n<p><a href=\"http:\/\/www.tauchclub-freiburg.de\/cms\/wp-content\/uploads\/2015\/03\/Taetigkeitbericht-Ausr\u00fcstung.pdf\">T\u00e4tigkeitsbericht Ausr\u00fcstung Peter Dilger<\/a><\/p>\n<p><a href=\"http:\/\/www.tauchclub-freiburg.de\/cms\/wp-content\/uploads\/2015\/03\/Beisitzer-Heino-Eschbacher.pdf\">T\u00e4tigkeitsbericht Beisitzer Heino Eschbacher<\/a><\/p>\n<p>Der Bericht der Kassierin Angelika Waibel erfolgt als Kassenbericht auf der Mitgliederversammlung am 27.03.2015<\/p>\n<p>&nbsp;<\/p>\n<h1>Antr\u00e4ge zur MV 2015<\/h1>\n<p><a href=\"http:\/\/www.tauchclub-freiburg.de\/cms\/wp-content\/uploads\/2015\/03\/Antraege-zur-Mitgliederversammlung-2015-des-1.pdf\">Antraege zur Mitgliederversammlung 2015<\/a><\/p>\n<p><a href=\"http:\/\/www.tauchclub-freiburg.de\/cms\/wp-content\/uploads\/2015\/03\/141220_Antraege-TCF.pdf\">141220_Antraege TCF<\/a><\/p>\n<p><a href=\"http:\/\/www.tauchclub-freiburg.de\/cms\/wp-content\/uploads\/2015\/03\/Antr\u00e4ge-zur-Generalversammlung-2015.pdf\">Antr\u00e4ge zur Generalversammlung 2015<\/a><\/p>\n","protected":false},"excerpt":{"rendered":"<p>Protokoll der MV 2015 Protokoll Anhang &#8211; Pr\u00e4sentation T\u00e4tigkeitsberichte 2014- 2015 T\u00e4tigkeitsbericht 1. Vorsitzender Frank Oldenettel T\u00e4tigkeitsbericht 2. Vorsitzender Reiner Fabian T\u00e4tigkeitsbericht Schriftf\u00fchrerin Sigrid Oldenettel T\u00e4tigkeitsbericht Unterwasserrugby Stefan Brantin T\u00e4tigkeitsbericht Ausbildung Philipp Fuchs T\u00e4tigkeitsbericht Jugend Alexandra Thum T\u00e4tigkeitsbericht Veranstaltungen Thomas Benkler T\u00e4tigkeitsbericht Clubheimwart Florian Dieringer T\u00e4tigkeitsbericht Ausr\u00fcstung Peter Dilger T\u00e4tigkeitsbericht Beisitzer Heino Eschbacher Der Bericht &hellip; <\/p>\n<p><a class=\"more-link btn\" href=\"https:\/\/www.tauchclub-freiburg.de\/cms\/mitglieder\/mitgliederversammlung-2015\/\">Weiterlesen<\/a><\/p>\n","protected":false},"author":1,"featured_media":0,"parent":56,"menu_order":0,"comment_status":"closed","ping_status":"closed","template":"","meta":{"footnotes":""},"class_list":["post-2104","page","type-page","status-publish","hentry","nodate","item-wrap"],"_links":{"self":[{"href":"https:\/\/www.tauchclub-freiburg.de\/cms\/wp-json\/wp\/v2\/pages\/2104","targetHints":{"allow":["GET"]}}],"collection":[{"href":"https:\/\/www.tauchclub-freiburg.de\/cms\/wp-json\/wp\/v2\/pages"}],"about":[{"href":"https:\/\/www.tauchclub-freiburg.de\/cms\/wp-json\/wp\/v2\/types\/page"}],"author":[{"embeddable":true,"href":"https:\/\/www.tauchclub-freiburg.de\/cms\/wp-json\/wp\/v2\/users\/1"}],"replies":[{"embeddable":true,"href":"https:\/\/www.tauchclub-freiburg.de\/cms\/wp-json\/wp\/v2\/comments?post=2104"}],"version-history":[{"count":7,"href":"https:\/\/www.tauchclub-freiburg.de\/cms\/wp-json\/wp\/v2\/pages\/2104\/revisions"}],"predecessor-version":[{"id":2155,"href":"https:\/\/www.tauchclub-freiburg.de\/cms\/wp-json\/wp\/v2\/pages\/2104\/revisions\/2155"}],"up":[{"embeddable":true,"href":"https:\/\/www.tauchclub-freiburg.de\/cms\/wp-json\/wp\/v2\/pages\/56"}],"wp:attachment":[{"href":"https:\/\/www.tauchclub-freiburg.de\/cms\/wp-json\/wp\/v2\/media?parent=2104"}],"curies":[{"name":"wp","href":"https:\/\/api.w.org\/{rel}","templated":true}]}}