{"id":205,"date":"2010-08-18T19:22:19","date_gmt":"2010-08-18T17:22:19","guid":{"rendered":"http:\/\/www.tauchclub-freiburg.de\/cms\/?page_id=205"},"modified":"2025-11-28T11:44:09","modified_gmt":"2025-11-28T10:44:09","slug":"termine","status":"publish","type":"page","link":"https:\/\/www.tauchclub-freiburg.de\/cms\/aktiv\/termine\/","title":{"rendered":"Termine"},"content":{"rendered":"\n<p><strong>Die aktuellen Termine f\u00fcr 2026<\/strong><\/p>\n\n\n\n<figure class=\"wp-block-table is-style-stripes\"><table><tbody><tr><td><strong>Datum<\/strong><\/td><td><strong>Beginn<\/strong><\/td><td><strong>Event<\/strong><\/td><td><strong>Ort<\/strong><\/td><\/tr><tr><td>17.04.2026<br><br>18.04.2026<br><br>10.05.2026<\/td><td>19.00 <br><br>10.00 <br><br>09.30<\/td><td>Mitgliederversammlung<br><br>Fr\u00fchjahrsputzete<br><br>Fr\u00fchjahrsantauchen<\/td><td>Clubheim<br><br>Clubheim<br><br>Apostelsee<\/td><\/tr><tr><td><\/td><td><\/td><td><\/td><td><\/td><\/tr><tr><td>01.08.2026<br><br>24.10. bis 31.10.2026<br><br>21.11.2026<br><br>05.12.2026<br><br><br><br><\/td><td>18.00<br><br><br><br>10.00<br><br>18.00<\/td><td>Sommerfest<br><br>Clubausfahrt <br><br>Herbstputzete mit Hock<br><br>Weihnachtsfeier<\/td><td>Clubheim<br><br>Gozo oder \u00c4gypten<br><br>Clubheim<br><br>Clubheim<br><br><\/td><\/tr><\/tbody><\/table><\/figure>\n\n\n\n<p><\/p>\n\n\n\n<p>Au\u00dferdem bietet auch der BTSV interessante Angebote an: <a href=\"http:\/\/btsv.de\/index.php\/termine-seminare \">http:\/\/btsv.de\/index.php\/termine-seminare <\/a><\/p>\n","protected":false},"excerpt":{"rendered":"<p>Die aktuellen Termine f\u00fcr 2026 Datum Beginn Event Ort 17.04.2026 18.04.2026 10.05.2026 19.00 10.00 09.30 Mitgliederversammlung Fr\u00fchjahrsputzete Fr\u00fchjahrsantauchen Clubheim Clubheim Apostelsee 01.08.2026 24.10. bis 31.10.2026 21.11.2026 05.12.2026 18.00 10.00 18.00 Sommerfest Clubausfahrt Herbstputzete mit Hock Weihnachtsfeier Clubheim Gozo oder \u00c4gypten Clubheim Clubheim Au\u00dferdem bietet auch der BTSV interessante Angebote an: http:\/\/btsv.de\/index.php\/termine-seminare<\/p>\n","protected":false},"author":1,"featured_media":0,"parent":196,"menu_order":5,"comment_status":"closed","ping_status":"closed","template":"","meta":{"footnotes":""},"class_list":["post-205","page","type-page","status-publish","hentry","nodate","item-wrap"],"_links":{"self":[{"href":"https:\/\/www.tauchclub-freiburg.de\/cms\/wp-json\/wp\/v2\/pages\/205","targetHints":{"allow":["GET"]}}],"collection":[{"href":"https:\/\/www.tauchclub-freiburg.de\/cms\/wp-json\/wp\/v2\/pages"}],"about":[{"href":"https:\/\/www.tauchclub-freiburg.de\/cms\/wp-json\/wp\/v2\/types\/page"}],"author":[{"embeddable":true,"href":"https:\/\/www.tauchclub-freiburg.de\/cms\/wp-json\/wp\/v2\/users\/1"}],"replies":[{"embeddable":true,"href":"https:\/\/www.tauchclub-freiburg.de\/cms\/wp-json\/wp\/v2\/comments?post=205"}],"version-history":[{"count":87,"href":"https:\/\/www.tauchclub-freiburg.de\/cms\/wp-json\/wp\/v2\/pages\/205\/revisions"}],"predecessor-version":[{"id":4077,"href":"https:\/\/www.tauchclub-freiburg.de\/cms\/wp-json\/wp\/v2\/pages\/205\/revisions\/4077"}],"up":[{"embeddable":true,"href":"https:\/\/www.tauchclub-freiburg.de\/cms\/wp-json\/wp\/v2\/pages\/196"}],"wp:attachment":[{"href":"https:\/\/www.tauchclub-freiburg.de\/cms\/wp-json\/wp\/v2\/media?parent=205"}],"curies":[{"name":"wp","href":"https:\/\/api.w.org\/{rel}","templated":true}]}}