{"id":2,"date":"2010-04-10T19:57:50","date_gmt":"2010-04-10T19:57:50","guid":{"rendered":"http:\/\/localhost\/tauchverein\/cms\/?page_id=2"},"modified":"2011-05-25T19:15:10","modified_gmt":"2011-05-25T17:15:10","slug":"eine-seite","status":"publish","type":"page","link":"https:\/\/www.tauchclub-freiburg.de\/cms\/der-verein\/eine-seite\/","title":{"rendered":"Geschichte"},"content":{"rendered":"<h2>Aus der Not eine Tugend machen<\/h2>\n<p>Der 1. Tauchclub Freiburg e.V. verdankt seine  Existenz einem tragischen Unfall, der sich am 4.7.1957 am  Fl\u00fcckiger-Baggersee ereignete. Ein 15 t schwerer Mulden-Kipper war mit  dem Fahrer die steile B\u00f6schung hinuntergerutscht und im Wasser  versunken. Der Fahrer konnte sich nicht mehr retten und den  herbeigeeilten Rettungsschwimmern und der Feuerwehr war es unm\u00f6glich,  den eingeklemmten Fahrer im F\u00fchrerhaus unter Wasser zu befreien. Darauf  wurde der Sporttaucher Josef Reichart alarmiert. In einem schwierigen  und gef\u00e4hrlichen Alleingang barg er den ertrunkenen Fahrer. Bei einem  Einsatzbericht der THW-Helfer machte Herr Reichart auf den Mangel  fachkundiger Taucher aufmerksam. Spontan waren acht Anwesende bereit, eine Tauchergruppe aufzustellen und sich als Frosch-M\u00e4nner aubilden zu  lassen.<\/p>\n<p>Dieser Abend, am Dienstag den 9.7.1957 im  Heydenhof, war somit der Gr\u00fcndungstag des aus dieser Gruppe entstandenen  1. Tauchclubs Freiburg. Die Mitglieder der Tauchergruppe des THW waren  jedoch schon recht bald mit gro\u00dfer Begeisterung bei der Sache, soda\u00df das  Tauchen nicht auf THW-Eins\u00e4tze beschr\u00e4nkt blieb. Mit der Notwendigkeit  einer Regelung der Versicherungsfragen beim Tauchen wurde schlie\u00dflich in  der Gr\u00fcndungsversammlung am 20.11.1962 der 1. Tauchclub Freiburg  gegr\u00fcndet. Mit der Mitgliedschaft des Vereins im Verband Deutscher  Sporttaucher bestand f\u00fcr die Mitglieder dadurch eine Unfallversicherung.<\/p>\n<p>Aus den damals 22 Mitgliedern des Tauchclubs ist  inzwischen ein gro\u00dfer Verein mit heute (Stand: 1.3.2004) 210 Mitgliedern  gewachsen, der dem Badischen Tauchsport Verband (BTSV), dem Verband Deutscher Sporttaucher (VDST), dem Deutschen Sportbund (DSB), sowie dem  Naturschutzring angeh\u00f6rt.<\/p>\n","protected":false},"excerpt":{"rendered":"<p>Aus der Not eine Tugend machen Der 1. Tauchclub Freiburg e.V. verdankt seine Existenz einem tragischen Unfall, der sich am 4.7.1957 am Fl\u00fcckiger-Baggersee ereignete. Ein 15 t schwerer Mulden-Kipper war mit dem Fahrer die steile B\u00f6schung hinuntergerutscht und im Wasser versunken. Der Fahrer konnte sich nicht mehr retten und den herbeigeeilten Rettungsschwimmern und der Feuerwehr &hellip; <\/p>\n<p><a class=\"more-link btn\" href=\"https:\/\/www.tauchclub-freiburg.de\/cms\/der-verein\/eine-seite\/\">Weiterlesen<\/a><\/p>\n","protected":false},"author":1,"featured_media":0,"parent":5,"menu_order":0,"comment_status":"closed","ping_status":"closed","template":"","meta":{"footnotes":""},"class_list":["post-2","page","type-page","status-publish","hentry","nodate","item-wrap"],"_links":{"self":[{"href":"https:\/\/www.tauchclub-freiburg.de\/cms\/wp-json\/wp\/v2\/pages\/2","targetHints":{"allow":["GET"]}}],"collection":[{"href":"https:\/\/www.tauchclub-freiburg.de\/cms\/wp-json\/wp\/v2\/pages"}],"about":[{"href":"https:\/\/www.tauchclub-freiburg.de\/cms\/wp-json\/wp\/v2\/types\/page"}],"author":[{"embeddable":true,"href":"https:\/\/www.tauchclub-freiburg.de\/cms\/wp-json\/wp\/v2\/users\/1"}],"replies":[{"embeddable":true,"href":"https:\/\/www.tauchclub-freiburg.de\/cms\/wp-json\/wp\/v2\/comments?post=2"}],"version-history":[{"count":6,"href":"https:\/\/www.tauchclub-freiburg.de\/cms\/wp-json\/wp\/v2\/pages\/2\/revisions"}],"predecessor-version":[{"id":385,"href":"https:\/\/www.tauchclub-freiburg.de\/cms\/wp-json\/wp\/v2\/pages\/2\/revisions\/385"}],"up":[{"embeddable":true,"href":"https:\/\/www.tauchclub-freiburg.de\/cms\/wp-json\/wp\/v2\/pages\/5"}],"wp:attachment":[{"href":"https:\/\/www.tauchclub-freiburg.de\/cms\/wp-json\/wp\/v2\/media?parent=2"}],"curies":[{"name":"wp","href":"https:\/\/api.w.org\/{rel}","templated":true}]}}