{"id":1444,"date":"2012-12-06T21:12:44","date_gmt":"2012-12-06T20:12:44","guid":{"rendered":"http:\/\/www.tauchclub-freiburg.de\/cms\/?page_id=1444"},"modified":"2012-12-06T21:18:56","modified_gmt":"2012-12-06T20:18:56","slug":"kucheneinweihung-am-03-11-2012","status":"publish","type":"page","link":"https:\/\/www.tauchclub-freiburg.de\/cms\/der-verein\/fotogalerien\/kucheneinweihung-am-03-11-2012\/","title":{"rendered":"K\u00fccheneinweihung am 03.11.2012"},"content":{"rendered":"<p>Nachdem unsere neue K\u00fcche p\u00fcnktlich zum Herbstabtauchen im Oktober fertigstellt werden konnte, wurde sie am 03. Noveber 2012 mit einem z\u00fcnftigen gemeinschaftlichen Essen eingeweiht.<\/p>\n<p>Der Tisch war reichhaltig gedeckt. Es gab K\u00fcrbissuppe, feuriges Chili-Con-Carne sowie mehrere leckere Desserts.<\/p>\n<p>[nggallery id=7]<\/p>\n","protected":false},"excerpt":{"rendered":"<p>Nachdem unsere neue K\u00fcche p\u00fcnktlich zum Herbstabtauchen im Oktober fertigstellt werden konnte, wurde sie am 03. Noveber 2012 mit einem z\u00fcnftigen gemeinschaftlichen Essen eingeweiht. Der Tisch war reichhaltig gedeckt. Es gab K\u00fcrbissuppe, feuriges Chili-Con-Carne sowie mehrere leckere Desserts. [nggallery id=7]<\/p>\n","protected":false},"author":1,"featured_media":0,"parent":1332,"menu_order":90,"comment_status":"closed","ping_status":"closed","template":"","meta":{"footnotes":""},"class_list":["post-1444","page","type-page","status-publish","hentry","nodate","item-wrap"],"_links":{"self":[{"href":"https:\/\/www.tauchclub-freiburg.de\/cms\/wp-json\/wp\/v2\/pages\/1444","targetHints":{"allow":["GET"]}}],"collection":[{"href":"https:\/\/www.tauchclub-freiburg.de\/cms\/wp-json\/wp\/v2\/pages"}],"about":[{"href":"https:\/\/www.tauchclub-freiburg.de\/cms\/wp-json\/wp\/v2\/types\/page"}],"author":[{"embeddable":true,"href":"https:\/\/www.tauchclub-freiburg.de\/cms\/wp-json\/wp\/v2\/users\/1"}],"replies":[{"embeddable":true,"href":"https:\/\/www.tauchclub-freiburg.de\/cms\/wp-json\/wp\/v2\/comments?post=1444"}],"version-history":[{"count":2,"href":"https:\/\/www.tauchclub-freiburg.de\/cms\/wp-json\/wp\/v2\/pages\/1444\/revisions"}],"predecessor-version":[{"id":1448,"href":"https:\/\/www.tauchclub-freiburg.de\/cms\/wp-json\/wp\/v2\/pages\/1444\/revisions\/1448"}],"up":[{"embeddable":true,"href":"https:\/\/www.tauchclub-freiburg.de\/cms\/wp-json\/wp\/v2\/pages\/1332"}],"wp:attachment":[{"href":"https:\/\/www.tauchclub-freiburg.de\/cms\/wp-json\/wp\/v2\/media?parent=1444"}],"curies":[{"name":"wp","href":"https:\/\/api.w.org\/{rel}","templated":true}]}}