{"id":1373,"date":"2012-11-17T19:31:58","date_gmt":"2012-11-17T18:31:58","guid":{"rendered":"http:\/\/www.tauchclub-freiburg.de\/cms\/?page_id=1373"},"modified":"2021-06-01T21:23:08","modified_gmt":"2021-06-01T19:23:08","slug":"grosputzaktion-am-14-07-2012","status":"publish","type":"page","link":"https:\/\/www.tauchclub-freiburg.de\/cms\/der-verein\/fotogalerien\/grosputzaktion-am-14-07-2012\/","title":{"rendered":"Gro\u00dfputzaktion am 14.07.2012"},"content":{"rendered":"<p>Im Vorfeld unseres diesj\u00e4hrigen Sommerfestes hatte der Au\u00dfenbereich unseres Clubheims eine kosmetische Spezialbehandlung dringend n\u00f6tig. Au\u00dferdem wollten wir das Sommerfest unter den Arkaden des Au\u00dfenbereichs des Westbades abhalten. Dieser Teil des Westbad-Gel\u00e4ndes war aber durch jahrelanges Brachliegen wieder massiv von der Natur erobert worden.<\/p>\n<p>Es galt also auch diesen Ort wieder der Natur zu entrei\u00dfen. Mit tatkr\u00e4ftigen Helfern war dieser aber kein Problem und nach einem Tag Blasen an den H\u00e4nden und literweise vergossenen Schwei\u00dfes war das Werk vollbracht.<\/p>\n<p>Der Au\u00dfenbereich des Clubheims erstrahlte wieder in sauberem Glanz und die Westbad-Arkaden erwarteten nun unser Sommerfest. Vielen Dank f\u00fcr die tatkr\u00e4ftige Mithilfe an:<\/p>\n<p style=\"text-align: center;\">Max, Barbara und Matthias, Peter, Fredy, Philipp, Claudia, Silke, Markus,Birgit und Matthias,Andreas,Rebecka, G\u00fcnter,Thomas, Janis, Sigrid<\/p>\n<p>&nbsp;<\/p>\n\n\n[ngg src=&#8220;galleries&#8220; ids=&#8220;13&#8243; display=&#8220;basic_thumbnail&#8220; thumbnail_crop=&#8220;0&#8243;]\n","protected":false},"excerpt":{"rendered":"<p>Im Vorfeld unseres diesj\u00e4hrigen Sommerfestes hatte der Au\u00dfenbereich unseres Clubheims eine kosmetische Spezialbehandlung dringend n\u00f6tig. Au\u00dferdem wollten wir das Sommerfest unter den Arkaden des Au\u00dfenbereichs des Westbades abhalten. Dieser Teil des Westbad-Gel\u00e4ndes war aber durch jahrelanges Brachliegen wieder massiv von der Natur erobert worden. Es galt also auch diesen Ort wieder der Natur zu entrei\u00dfen. &hellip; <\/p>\n<p><a class=\"more-link btn\" href=\"https:\/\/www.tauchclub-freiburg.de\/cms\/der-verein\/fotogalerien\/grosputzaktion-am-14-07-2012\/\">Weiterlesen<\/a><\/p>\n","protected":false},"author":1,"featured_media":0,"parent":1332,"menu_order":110,"comment_status":"closed","ping_status":"closed","template":"","meta":{"footnotes":""},"class_list":["post-1373","page","type-page","status-publish","hentry","nodate","item-wrap"],"_links":{"self":[{"href":"https:\/\/www.tauchclub-freiburg.de\/cms\/wp-json\/wp\/v2\/pages\/1373","targetHints":{"allow":["GET"]}}],"collection":[{"href":"https:\/\/www.tauchclub-freiburg.de\/cms\/wp-json\/wp\/v2\/pages"}],"about":[{"href":"https:\/\/www.tauchclub-freiburg.de\/cms\/wp-json\/wp\/v2\/types\/page"}],"author":[{"embeddable":true,"href":"https:\/\/www.tauchclub-freiburg.de\/cms\/wp-json\/wp\/v2\/users\/1"}],"replies":[{"embeddable":true,"href":"https:\/\/www.tauchclub-freiburg.de\/cms\/wp-json\/wp\/v2\/comments?post=1373"}],"version-history":[{"count":9,"href":"https:\/\/www.tauchclub-freiburg.de\/cms\/wp-json\/wp\/v2\/pages\/1373\/revisions"}],"predecessor-version":[{"id":3585,"href":"https:\/\/www.tauchclub-freiburg.de\/cms\/wp-json\/wp\/v2\/pages\/1373\/revisions\/3585"}],"up":[{"embeddable":true,"href":"https:\/\/www.tauchclub-freiburg.de\/cms\/wp-json\/wp\/v2\/pages\/1332"}],"wp:attachment":[{"href":"https:\/\/www.tauchclub-freiburg.de\/cms\/wp-json\/wp\/v2\/media?parent=1373"}],"curies":[{"name":"wp","href":"https:\/\/api.w.org\/{rel}","templated":true}]}}