{"id":1337,"date":"2012-11-16T22:16:11","date_gmt":"2012-11-16T21:16:11","guid":{"rendered":"http:\/\/www.tauchclub-freiburg.de\/cms\/?page_id=1337"},"modified":"2012-11-18T12:13:48","modified_gmt":"2012-11-18T11:13:48","slug":"sommerfest-am-11-08-2012","status":"publish","type":"page","link":"https:\/\/www.tauchclub-freiburg.de\/cms\/der-verein\/fotogalerien\/sommerfest-am-11-08-2012\/","title":{"rendered":"Sommerfest am 11.08.2012"},"content":{"rendered":"<p style=\"text-align: left;\">Da wir in diesem Jahr unser 55 j\u00e4hriges Bestehen feiern sollte das Sommerfest 2012 etwas ganz Besonderes sein. Als Location haben wir den Au\u00dfenbereich des Westbads unter den &#8222;Arkaden&#8220; zur Verf\u00fcgug gestellt bekommen.<\/p>\n<p>Die angrenzende Wiese konnten wir ebenso benutzen, was durch diverse Spiele wie Bogenschie\u00dfen, Wikinger-Schach und Volleyball genutz wurde.<\/p>\n<p>Au\u00dferdem haben wir uns ein tolles Motto ausgedacht: <em><strong>Wild Wild West<\/strong><\/em><\/p>\n<p>Fast alle G\u00e4ste haben dies durch ein Kost\u00fcm oder entsprechende Accessoirs gew\u00fcrdigt. Es gab western typische Speisen, wie Burger und Spare-Ripps vom Grill sowie Westernmusik.<\/p>\n<p>&nbsp;<\/p>\n<p>Das Wetter hatte ebenfalls ein Einsehen mit uns war konnte nicht besser sein, so dass wir bis in die sp\u00e4te Nacht bei sommerlichen Temperaturen feiern konnten.<\/p>\n<p>[nggallery id=2]<\/p>\n","protected":false},"excerpt":{"rendered":"<p>Da wir in diesem Jahr unser 55 j\u00e4hriges Bestehen feiern sollte das Sommerfest 2012 etwas ganz Besonderes sein. Als Location haben wir den Au\u00dfenbereich des Westbads unter den &#8222;Arkaden&#8220; zur Verf\u00fcgug gestellt bekommen. Die angrenzende Wiese konnten wir ebenso benutzen, was durch diverse Spiele wie Bogenschie\u00dfen, Wikinger-Schach und Volleyball genutz wurde. Au\u00dferdem haben wir uns &hellip; <\/p>\n<p><a class=\"more-link btn\" href=\"https:\/\/www.tauchclub-freiburg.de\/cms\/der-verein\/fotogalerien\/sommerfest-am-11-08-2012\/\">Weiterlesen<\/a><\/p>\n","protected":false},"author":1,"featured_media":0,"parent":1332,"menu_order":105,"comment_status":"closed","ping_status":"closed","template":"","meta":{"footnotes":""},"class_list":["post-1337","page","type-page","status-publish","hentry","nodate","item-wrap"],"_links":{"self":[{"href":"https:\/\/www.tauchclub-freiburg.de\/cms\/wp-json\/wp\/v2\/pages\/1337","targetHints":{"allow":["GET"]}}],"collection":[{"href":"https:\/\/www.tauchclub-freiburg.de\/cms\/wp-json\/wp\/v2\/pages"}],"about":[{"href":"https:\/\/www.tauchclub-freiburg.de\/cms\/wp-json\/wp\/v2\/types\/page"}],"author":[{"embeddable":true,"href":"https:\/\/www.tauchclub-freiburg.de\/cms\/wp-json\/wp\/v2\/users\/1"}],"replies":[{"embeddable":true,"href":"https:\/\/www.tauchclub-freiburg.de\/cms\/wp-json\/wp\/v2\/comments?post=1337"}],"version-history":[{"count":9,"href":"https:\/\/www.tauchclub-freiburg.de\/cms\/wp-json\/wp\/v2\/pages\/1337\/revisions"}],"predecessor-version":[{"id":1384,"href":"https:\/\/www.tauchclub-freiburg.de\/cms\/wp-json\/wp\/v2\/pages\/1337\/revisions\/1384"}],"up":[{"embeddable":true,"href":"https:\/\/www.tauchclub-freiburg.de\/cms\/wp-json\/wp\/v2\/pages\/1332"}],"wp:attachment":[{"href":"https:\/\/www.tauchclub-freiburg.de\/cms\/wp-json\/wp\/v2\/media?parent=1337"}],"curies":[{"name":"wp","href":"https:\/\/api.w.org\/{rel}","templated":true}]}}