{"id":13,"date":"2010-04-10T20:46:43","date_gmt":"2010-04-10T18:46:43","guid":{"rendered":"http:\/\/localhost\/tauchverein\/cms\/?page_id=13"},"modified":"2023-01-27T11:23:06","modified_gmt":"2023-01-27T10:23:06","slug":"ausbildung","status":"publish","type":"page","link":"https:\/\/www.tauchclub-freiburg.de\/cms\/aktiv\/ausbildung\/","title":{"rendered":"Tauchkurse"},"content":{"rendered":"\n<h2 class=\"wp-block-heading\">Der Weg zum Tauchschein beim 1. TCF<\/h2>\n\n\n\n<p>Als Mitglied des VDSTs und der CMAS bieten wir das <a href=\"https:\/\/www.vdst.de\/download\/dtsa-cmas-ausbildungsstufen-schaubild\/?tmstv=1674813856\">Deutsche Tauchsportabzeichen (DTSA<\/a>) als Kurse zum Erhalt eines Tauchscheines f\u00fcr unsere Mitglieder an. Die Kurse laufen in der Regel wie folgt ab:<\/p>\n\n\n\n<figure class=\"wp-block-table\"><table><tbody><tr><td>Februar\/M\u00e4rz<\/td><td>Informationsabend und Anmeldung<br>Zuteilung der Tauchlehrer:nnen bzw. Mentor:nnen<\/td><\/tr><tr><td>ab M\u00e4rz<\/td><td>Theorie (online) und Pr\u00fcfungsvorbereitung\/Pr\u00fcfung im Clubheim<br>\u00dcbungen im Schwimmbad<br>Absolvieren der Schwimmbadpr\u00fcfungen<\/td><\/tr><tr><td>Sommer (ab Mai)<\/td><td>\u00dcbungstauchg\u00e4nge in Seen in der Umgebung mit Mentor:innen<br>Ausbildungswochenende mit allen Teilnehmenden<br>Pr\u00fcfungstauchg\u00e4nge in Seen in der Umgebung<\/td><\/tr><tr><td>Sp\u00e4tsommer<\/td><td>Bestehen aller Pr\u00fcfungsleistungen &amp; Erhalt des Tauchscheins<\/td><\/tr><tr><td>variabel<\/td><td>Sonderkurse f\u00fcr Fortgeschrittene (siehe Termine)<\/td><\/tr><\/tbody><\/table><figcaption>\u00dcbersicht der Ablauf der Tauchausbildung<\/figcaption><\/figure>\n\n\n\n<h3 class=\"wp-block-heading\">Voraussetzungen f\u00fcr die Teilnahme an den allen Kursen<\/h3>\n\n\n\n<ul class=\"wp-block-list\"><li>Aktive Mitgliedschaft im 1. TCF<\/li><li>F\u00fcr alle Tauchkurse muss eine, von einem Arzt ausgestellte, g\u00fcltige Tauchtauglichkeitsbescheinigung nach den Richtlinien der GT\u00dcM vorgelegt werden, die nicht \u00e4lter als 2 Jahre, bei Bewerbern unter 14 und \u00fcber 40 Jahren nicht \u00e4lter als 1 Jahr ist<\/li><li>K\u00f6rperliche Grundfitness \/ Schwimmf\u00e4higkeit<\/li><li>Mindestalter nach den Richtlinien des VDST<\/li><\/ul>\n\n\n\n<h2 class=\"wp-block-heading\">Fortgeschrittene (** und aufw\u00e4rts)<\/h2>\n\n\n\n<p>Fortgeschrittene Tauchende k\u00f6nnen sich ebenfalls h\u00f6her qualifizieren. Der Ablauf ist hier \u00e4hnlich wie dem der Grundqualifizierung &#8211; wir legen jedoch einen deutlicheren Fokus auf die individuelle Fort- und Weiterbildung. Hierzu meldet Euch bitte ebenfalls zum Infoabend, auf dem Ihr dann ein Mentorenduo bilden k\u00f6nnt. Ebenfalls k\u00f6nnen wir nach Bedarf Sonderkurse organisieren. Weitere Hinweise, auch f\u00fcr sogenannte &#8222;cross-over&#8220;-Lehrg\u00e4nge, erhaltet Ihr im Kontakt mit uns oder auf der <a href=\"https:\/\/www.vdst.de\/ueber-uns\/der-verband\/standards-zertifizierung\/#ANERKENNUNG\">Website des VDST<\/a>.<\/p>\n\n\n\n<h3 class=\"wp-block-heading\">Erfahrungsbericht<\/h3>\n\n\n<div>\n<p style=\"text-align: left;\">F\u00fcr den Bronze-Kurs hatten sich ganze 10 Tauchsch\u00fcler zuz\u00fcglich 2 Youngster f\u00fcr den Grundtauchschein angemeldet. 6 Silber- und 5 Gold-Kandidaten wollten sich h\u00f6here Weihen im Taucherdasein verdienen. Alles zusammengerechnet also 23 Tauchsch\u00fcler. Am 3. Februar ging es mit dem ersten Theorieabend des Bronze-Kurses los. Nach 9 weiteren Unterrichtseinheiten war es dann soweit: Die 12 Teilnehmer des Bronze- und des Grundtauchkurses durften ihr Wissen an den Mann bzw. auf das Papier bringen. Alle waren erfolgreich und haben die schriftliche Theoriepr\u00fcfung bestand. Zwischenzeitlich hatte auch schon der Silber-\/Goldkurs begonnen. 5 Theorieabende und die Lekt\u00fcre entsprechender Fachliteratur erm\u00f6glichte den Tauchsch\u00fclern, sich gr\u00fcndlich auf die schriftliche Pr\u00fcfung vorzubereiten. Und auch hier ein voller Erfolg: Alle haben die Theoriepr\u00fcfung bestanden. Die Praxisausbildung im Hallenbad f\u00fcr den Bronze- und Grundtauchkurs fand schon parallel zum Theorieunterricht statt, so dass die ersten Tauchsch\u00fcler ihre Praxispr\u00fcfung schon recht fr\u00fch im Sommer ablegen konnten. Doch der eine oder andere Tauchsch\u00fcler traute seinen Augen nicht, als er das erste Mal in Neopren geh\u00fcllt den Kopf im Fl\u00fcckiger See unter Wasser steckte: atemberaubende Sichtweiten bis zu einem Meter, so hatte er sich die Unterwasserwelt nicht vorgestellt. Aber alle fanden sich sehr schnell mit den teilweise bescheidenen Sichtverh\u00e4ltnissen in unserem Haussee zurecht und konnten doch noch Aale, Hechte, Barsche, Krebse, S\u00fc\u00dfwasserquallen und Muscheln w\u00e4hrend der Ausbildung bewundern.<cite><br \/><\/cite><\/p>\n<\/div>","protected":false},"excerpt":{"rendered":"<p>Der Weg zum Tauchschein beim 1. TCF Als Mitglied des VDSTs und der CMAS bieten wir das Deutsche Tauchsportabzeichen (DTSA) als Kurse zum Erhalt eines Tauchscheines f\u00fcr unsere Mitglieder an. Die Kurse laufen in der Regel wie folgt ab: Februar\/M\u00e4rz Informationsabend und AnmeldungZuteilung der Tauchlehrer:nnen bzw. Mentor:nnen ab M\u00e4rz Theorie (online) und Pr\u00fcfungsvorbereitung\/Pr\u00fcfung im Clubheim\u00dcbungen &hellip; <\/p>\n<p><a class=\"more-link btn\" href=\"https:\/\/www.tauchclub-freiburg.de\/cms\/aktiv\/ausbildung\/\">Weiterlesen<\/a><\/p>\n","protected":false},"author":1,"featured_media":0,"parent":196,"menu_order":6,"comment_status":"closed","ping_status":"closed","template":"","meta":{"footnotes":""},"class_list":["post-13","page","type-page","status-publish","hentry","nodate","item-wrap"],"_links":{"self":[{"href":"https:\/\/www.tauchclub-freiburg.de\/cms\/wp-json\/wp\/v2\/pages\/13","targetHints":{"allow":["GET"]}}],"collection":[{"href":"https:\/\/www.tauchclub-freiburg.de\/cms\/wp-json\/wp\/v2\/pages"}],"about":[{"href":"https:\/\/www.tauchclub-freiburg.de\/cms\/wp-json\/wp\/v2\/types\/page"}],"author":[{"embeddable":true,"href":"https:\/\/www.tauchclub-freiburg.de\/cms\/wp-json\/wp\/v2\/users\/1"}],"replies":[{"embeddable":true,"href":"https:\/\/www.tauchclub-freiburg.de\/cms\/wp-json\/wp\/v2\/comments?post=13"}],"version-history":[{"count":23,"href":"https:\/\/www.tauchclub-freiburg.de\/cms\/wp-json\/wp\/v2\/pages\/13\/revisions"}],"predecessor-version":[{"id":3836,"href":"https:\/\/www.tauchclub-freiburg.de\/cms\/wp-json\/wp\/v2\/pages\/13\/revisions\/3836"}],"up":[{"embeddable":true,"href":"https:\/\/www.tauchclub-freiburg.de\/cms\/wp-json\/wp\/v2\/pages\/196"}],"wp:attachment":[{"href":"https:\/\/www.tauchclub-freiburg.de\/cms\/wp-json\/wp\/v2\/media?parent=13"}],"curies":[{"name":"wp","href":"https:\/\/api.w.org\/{rel}","templated":true}]}}