{"id":1073,"date":"2012-08-01T23:00:55","date_gmt":"2012-08-01T21:00:55","guid":{"rendered":"http:\/\/www.tauchclub-freiburg.de\/cms\/?page_id=1073"},"modified":"2023-01-27T12:02:45","modified_gmt":"2023-01-27T11:02:45","slug":"entleih-und-fullordnung-des-1-tcf","status":"publish","type":"page","link":"https:\/\/www.tauchclub-freiburg.de\/cms\/mitglieder\/entleih-und-fullordnung-des-1-tcf\/","title":{"rendered":"Entleih- und F\u00fcllordnung des 1.TCF"},"content":{"rendered":"<h1 align=\"center\">Entleih- und F\u00fcllordnung des 1.TCF<\/h1>\n<ol>\n<ol>\n<li><strong>Verleih von Ger\u00e4tschaften<\/strong>\n<ul>\n<li>Die Clubger\u00e4tschaften werden nur an aktive Mitglieder des 1.Tauchclub Freiburgs e.V entliehen. Eine Weitergabe an Nichtmitglieder ist, au\u00dfer bei Clubveranstaltungen, untersagt.<\/li>\n<li>Der Entleiher hat die Ausr\u00fcstung bei \u00dcbernahme auf Betriebsf\u00e4higkeit und M\u00e4ngel \u00fcberpr\u00fcfen und gegebenenfalls sofort dem Ger\u00e4tewart gegen\u00fcber zu r\u00fcgen. Defekte, Besch\u00e4digungen sowie verborgene M\u00e4ngel der Ausr\u00fcstung sind unverz\u00fcglich &#8211; sp\u00e4testens bei R\u00fcckgabe &#8211; dem Ger\u00e4tewart mitzuteilen.<\/li>\n<li>Ausr\u00fcstungen und Ger\u00e4tschaften sind fach- und sachgerecht zu verwenden. \u00dcberbeanspruchung in jeder Weise ist zu unterlassen. Entliehene Ausr\u00fcstungen und Ger\u00e4te sind in sauberem und funktionierendem Zustand zur\u00fcckzugeben.<\/li>\n<li>Bei Verlust sowie unsachgem\u00e4\u00dfem Gebrauch werden Wiederbeschaffung bzw. Instandsetzung dem Entleiher in Rechnung gestellt.<\/li>\n<li>Instandsetzungen oder Revisionen d\u00fcrfen nur durch autorisierte Stellen durchgef\u00fchrt werden. Wurden Reparaturen, Revisionen oder andere Eingriffe an den Ger\u00e4tschaften durchgef\u00fchrt, so ist der Ger\u00e4tewart umgehend dar\u00fcber zu informieren.<\/li>\n<li>Tauchausr\u00fcstung wird nur an Personen entliehen, die \u00fcber ein g\u00fcltiges, noch nicht abgelaufenes Tauchtauglichkeitsattest sowie \u00fcber die erforderlichen theoretischen und praktischen Kenntnisse des Tauchsportes (mindestens CMAS-** \/ DTSA Silber) verf\u00fcgen.<\/li>\n<li>Andere Ger\u00e4tschaften (Grill, Zapfanlage, etc.) werden nur an Personen entliehen, die mindestens 18 Jahre alt sind.<\/li>\n<li>Clubeigene Tauchausr\u00fcstungen d\u00fcrfen nicht im zusammengebauten Zustand in Fahrzeugen transportiert werden (DTG,Lungenautomat,Jacket). Die gesetzlichen Transportvorschriften sind einzuhalten.<\/li>\n<li>Wurden DTG (Drucklufttauchger\u00e4te) mit vereinsfremden Kompressoren gef\u00fcllt, ist dies dem Ger\u00e4tewart mitzuteilen.<\/li>\n<li>Bei R\u00fcckgabe sind die Ger\u00e4te wieder ordnungsgem\u00e4\u00df zu verstauen:\n<ul>\n<li>Entliehene Lungenautomaten sind nach der Benutzung sachgem\u00e4\u00df zu sp\u00fclen und zu trocknen. Sie sind dann in den entsprechenden Schr\u00e4nken zu verstauen.<\/li>\n<li>Jackets und Westen sind nach der Benutzung entleert und aufgeblasen aufzuh\u00e4ngen.<\/li>\n<li>Nach Salzwassertauchg\u00e4ngen sind Anz\u00fcge, Jackets und Westen sachgem\u00e4\u00df zu sp\u00fclen.<\/li>\n<li>Nicht gef\u00fcllte DTG\u00b4s sind links neben den Kompressor zu legen.<\/li>\n<li>Bleigurte und St\u00fccke sind nach dem Trocknen aufger\u00e4umt im Schrank zu verstauen.<\/li>\n<li>Clubtauchanz\u00fcge sind zum Trocknen in den Duschen aufzuh\u00e4ngen.<\/li>\n<li>Trainingsger\u00e4tschaften sind unverz\u00fcglich zur\u00fcckzubringen und ordnungsgem\u00e4\u00df zu verstauen.<\/li>\n<\/ul>\n<\/li>\n<li>Sind bei R\u00fcckgabe von Gasflaschen (Grill) oder CO2 Flaschen (Zapfanlage) diese leer oder fast leer, so ist der Ger\u00e4tewart umgehend zu verst\u00e4ndigen.<\/li>\n<li>Bierbank-Garnituren sind in sauberem Zustand zur\u00fcckzugeben. Das Anbringen von N\u00e4geln oder \u00c4hnlichem ist untersagt.<\/li>\n<li>Tauchausr\u00fcstungen und andere Clubger\u00e4tschaften k\u00f6nnen jederzeit reserviert und entliehen werden. Soweit vom Vorstand keine andere Priorit\u00e4t gesetzt ist, gilt die Reihenfolge der Reservierung.<\/li>\n<li>Tauchausr\u00fcstungen und andere Clubger\u00e4tschaften die l\u00e4nger als einen Tag entliehen werden sind rechtzeitig <strong>vorher<\/strong> formlos beim Ger\u00e4tewart zu beantragen.<\/li>\n<li>Kann die vereinbarten R\u00fcckgabezeit nicht eingehalten werden, so ist der Ger\u00e4tewart umgehend zu informieren.<\/li>\n<li>Die Reservierung kann selbst an der Entleihtafel eingetragen werden oder durch eine Benachrichtigung an den Ger\u00e4tewart erfolgen.<\/li>\n<li>Bei der Abholung der Ausr\u00fcstungen und Ger\u00e4tschaften ist die Reservierung durchzustreichen.<\/li>\n<li>Die entliehenen Ausr\u00fcstungen und Ger\u00e4tschaften sind mit den Magnetschildern in der Namensliste zu markieren.<\/li>\n<li>Alle entliehenen Teile sind in der Entleih- und F\u00fclliste ein- bzw. auszutragen.<\/li>\n<li>Bei der R\u00fcckgabe der entliehenen Teile sind die Markierungen wieder zur\u00fcckzusetzen.<\/li>\n<li>F\u00fcr jedes entliehene Teil wird eine Instandhaltungsgeb\u00fchr entsprechend der jeweils g\u00fcltigen Geb\u00fchrenordnung erhoben.<\/li>\n<\/ul>\n<\/li>\n<li><strong>Benutzung des Clubheimes \/ Ger\u00e4teraums<\/strong>\n<ul>\n<li>Soweit sich sonst niemand im Clubheim befindet, ist das Betreten und Verlassen des Clubheimes im Clubheim Logbuch einzutragen (jeweils der erste tr\u00e4gt das Betreten, der letzte das Verlassen ein).<\/li>\n<li>Das nicht genehmigte Lagern von Ausr\u00fcstungsgegenst\u00e4nden im Clubheim ist untersagt.<\/li>\n<li>Das Umziehen sowie Durchqueren des Ger\u00e4teraumes in nasser Ausr\u00fcstung ist untersagt. Bei Clubveranstaltungen und privater Clubheimvermietung kann, nach R\u00fccksprache mit dem Ger\u00e4tewart, der Kompressorraum als Umkleideraum und Aufbewahrungsraum genutzt werden. Fluchtwege sind jedoch auch in diesem Falle frei zu halten.<\/li>\n<li>Das Parken vor dem Clubheim ist ausdr\u00fccklich untersagt! Das Vorfahren zum Be- und Entladen ist in der Zeit zwischen 6:00 und 22:00 gestattet; jedoch ist der Rettungsweg frei zu halten!<\/li>\n<li>Die Clubheimordnung ist einzuhalten.<\/li>\n<\/ul>\n<\/li>\n<li><strong>Nutzungsordnung Kompressor<\/strong>\n<ul>\n<li><strong>Aufgrund gesetzlicher Bestimmungen darf unsere Kompressorf\u00fcllanlage nur nach einer Unterweisung (Kompressorbedienung und Sicherheitsunterweisung ) betrieben werden.<\/strong><\/li>\n<li>Die Unterweisung ist j\u00e4hrlich zu wiederholen. Die Unterweisung mu\u00df von jedem mit seiner Unterschrift best\u00e4tigt werden. Die Kompressorunterweisung wird nur durch den Ger\u00e4tewart durchgef\u00fchrt.<\/li>\n<\/ul>\n<\/li>\n<\/ol>\n<\/ol>\n<p><strong>Nutzungsbestimmungen:<\/strong><\/p>\n<ol>\n<ol>\n<ul>\n<li>Die Kompressoranlage darf ausschlie\u00dflich von aktiven Clubmitgliedern oder vom Vorstand autorisierten Personen bedient werden, die\n<ol>\n<li>das 18. Lebensjahr vollendet haben oder<\/li>\n<li>das 16. Lebensjahr vollendet haben, soweit w\u00e4hrend der gesamten Kompressorbedienung ein vollj\u00e4hriges Mitglied oder eine vom Vorstand autorisierte vollj\u00e4hrige Person zugegen ist, die nachfolgenden Bedingungen 3.) und 4.) ebenfalls erf\u00fcllt.<\/li>\n<li>\u00fcber die erforderlichen theoretischen und praktischen Kenntnisse des Tauchsportes (mindestens CMAS-* \/ DTSA Bronze) verf\u00fcgen.<\/li>\n<li>eine Kompressor-Unterweisung erhalten haben die nicht \u00e4lter als ein Jahr ist und dies mit ihrer Unterschrift best\u00e4tigt haben.<\/li>\n<\/ol>\n<\/li>\n<li>Es d\u00fcrfen nur DTG\u00b4s mit g\u00fcltigem T\u00dcVgef\u00fcllt werden, die keine Besch\u00e4digungen aufweisen sowie m\u00e4ngelfreie, bauartzugelassene Ventile besitzen.<\/li>\n<li>Vereinseigene DTG\u00b4s sind mit Restdruck von mind. 20 bar zur\u00fcckzubringen (bei kompletter Entleerung muss die Flasche durch den Ger\u00e4tewart oder einen autorisierten H\u00e4ndler auf eingedrungener Feuchtigkeit untersucht werden). Diese DTG\u00b4s d\u00fcrfen nicht mehr selbst gef\u00fcllt werden.<\/li>\n<li>Die entnommene Luftmenge in Entleih- und F\u00fclliste eintragen (auch bei Training, Ausbildung, etc.).<\/li>\n<li>F\u00fcr das F\u00fcllen der DTGs wird eine Instandhaltungsgeb\u00fchr entsprechend der jeweils g\u00fcltigen Geb\u00fchrenordnung erhoben. Die Instandhaltungsgeb\u00fchr kann vom Vorstand bei Clubveranstaltungen erlassen werden.<\/li>\n<\/ul>\n<\/ol>\n<\/ol>\n<p><strong>Sicherheitsbestimmungen <\/strong><\/p>\n<ol>\n<ol>\n<ul>\n<li>Fluchtwege, Zugangsbereiche usw. sind in jedem Fall frei zu lassen.<\/li>\n<li>Das Zustellen des Kompressorraumes sowie das Ablegen von Gegenst\u00e4nden auf oder am Kompressor ist untersagt.<\/li>\n<li>DTGs welche im Gebrauch sind (vor oder nach dem Tauchen), sind innerhalb des gesamten Clubheimbereichs liegend aufzubewahren.<\/li>\n<li>Vor dem F\u00fcllen der Speicherflaschen ist die normale Atemluft vor dem Clubheim zu \u00fcberpr\u00fcfen (Rauchentwicklung durch Grillfeuer der beiden ans\u00e4ssigen Vereine oder Chlorgasalarm des Schwimmbades). Die Atemluft f\u00fcr den Kompressor wird ausserhalb des Tauchclubgeb\u00e4udes angesaugt. Bei gef\u00fcllten Speicherflaschen k\u00f6nnen DTG\u00b4s jederzeit gef\u00fcllt werden.<\/li>\n<li>DTG\u00b4s sind nach dem F\u00fcllen sofort von den F\u00fcllschl\u00e4uchen abzuh\u00e4ngen und ordnungsgem\u00e4\u00df zu stellen oder zu legen.<\/li>\n<li>Bei Betriebsst\u00f6rungen ist der Notausschalter neben den Kompressorraumt\u00fcren zu dr\u00fccken und der Kompressorraum ist gegebenenfalls zu verlassen. Der Ger\u00e4tewart ist umgehend zu informieren.<\/li>\n<li>Feuerl\u00f6scher sind an den Eingangsbereichen angebracht.<\/li>\n<\/ul>\n<li><strong>Kompressorbedienung<\/strong><\/li>\n<\/ol>\n<\/ol>\n<p>Mit der Kompressoranlage k\u00f6nnen DTG\u00b4s mit einem F\u00fclldruck von 200 und 300 bar gef\u00fcllt werden. Aufgrund unterschiedlicher F\u00fcllanschl\u00fcsse k\u00f6nnen 200 und 300 bar DTG\u00b4s nicht falsch angeschlossen werden. Die 300 bar Flaschen passen jedoch an die 200 bar F\u00fcllschl\u00e4uche und werden dann auch nur mit 200 bar gef\u00fcllt. Umgekehrt ist dies nicht m\u00f6glich.<\/p>\n<p>Die 3&#215;80 Liter Speicherflaschen erm\u00f6glichen bei gef\u00fcllten Speicherflaschen eine Luftabnahme von ca. acht 10 Liter DTG\u00b4s bei 200 bar F\u00fclldruck.<\/p>\n<p>Der Speicherflaschendruck wird am linken Manometer vor den Speicherflaschen angezeigt. Der max. F\u00fclldruck der Speicherflaschen betr\u00e4gt 330 bar. Zeigt der Manometer einen Speicherflaschendruck von unter 220 bar an m\u00fcssen die Speicherflaschen wieder gef\u00fcllt werden. Hierzu ist der gr\u00fcne Einschalter an der Kompressorbedienleiste zu dr\u00fccken. Der Kompressor startet dann automatisch und schaltet sich automatisch beim erreichen des max. F\u00fclldrucks von 330 bar ab.<\/p>\n<p>Die Entw\u00e4sserung des angesammelten Kompressorkondensats erfolgt automatisch.<\/p>\n<ol>\n<ol>\n<ul>\n<li>Flaschenventil des DTG\u00b4s im Gewindeanschluss mit einem trockenen, fusselfreien Stofftuch reinigen und Restwasser im Ventil durch kurzes Ausblasen mit Flaschenrestdruck beseitigen.<\/li>\n<li>Flaschenrestdruck mit dem Pr\u00fcfmanometer \u00fcberpr\u00fcfen<\/li>\n<li>Tauchflasche am F\u00fcllschlauch anschlie\u00dfen<\/li>\n<li>Kompressorventilhebel langsam \u00f6ffnen<\/li>\n<li>Tauchflaschenventil langsam und nur teilweise \u00f6ffnen (1\/4 bis 1\/2 Umdrehung, zu schnelles \u00dcberstr\u00f6men f\u00fchrt zu erh\u00f6hter Materialbelastung der DTGs). Bei nachlassendem \u00dcberstr\u00f6mger\u00e4usch ganz \u00f6ffnen.<\/li>\n<li>Bei Erreichen des F\u00fclldruckes Tauchflaschenventil schlie\u00dfen<\/li>\n<li>Kompressorventilhebel langsam schlie\u00dfen ( F\u00fcllschlauch entl\u00fcftet)<\/li>\n<li>Tauchflasche vom F\u00fcllschlauch abh\u00e4ngen und die Tauchflasche sicher wegstellen oder legen. <strong>F\u00fcllschlauch nicht fallen lassen !<\/strong><\/li>\n<li>Die entnommene Luftmenge in der Entleih- und F\u00fclliste eintragen.<\/li>\n<\/ul>\n<li><strong>Allgemeine Bestimmungen<\/strong>\n<ul>\n<li>Den Anweisungen des Vorstandes und des Ger\u00e4tewartes ist Folge zu leisten.<\/li>\n<li>Mit dem Entleih von Ger\u00e4tschaften bzw. F\u00fcllen erkennt der Entleiher\/F\u00fcller die Entleih- und F\u00fcllordnung des 1.Tauchclub Freiburg e.V. in der jeweils g\u00fcltigen Fassung an. Dies hat der Entleiher vor dem erstmaligem Entleih\/F\u00fcllen in der Entleih- und F\u00fclliste per Unterschrift zu best\u00e4tigen.<\/li>\n<li>Mit dem Entleih von Tauchausr\u00fcstung best\u00e4tigt der Entleiher, da\u00df er \u00fcber ein g\u00fcltiges, noch nicht abgelaufenes Tauchtauglichkeitsattest sowie \u00fcber die erforderlichen theoretischen und praktischen Kenntnisse des Tauchsportes (mindestens CMAS-** \/ DTSA Silber) verf\u00fcgt.<\/li>\n<li>Mit dem Entleih verzichtet der Entleiher ausdr\u00fccklich gegen\u00fcber dem 1.Tauchclub Freiburg e.V. sowie gegen\u00fcber dessen Repr\u00e4sentanten, Vertretern und Hilfspersonen auf s\u00e4mtliche Anspr\u00fcche &#8211; gleich welcher Art &#8211; aus Schadensf\u00e4llen, die im Zusammenhang mit der Nutzung der ausgegebenen Vereinsger\u00e4te eintreten, es sei denn, die vorstehend genannten Personen bzw. der 1.Tauchclub Freiburg e.V. handeln dem Entleiher gegen\u00fcber vors\u00e4tzlich oder grob fahrl\u00e4ssig. Der Entleiher nimmt zur Kenntnis, da\u00df Haftung f\u00fcr leichte Fahrl\u00e4ssigkeit ausgeschlossen ist. Dieser Verzicht gilt f\u00fcr Sch\u00e4den, Verletzungen und Nachteile jeder Art, gleich aus welchem Rechtsgrund Anspr\u00fcche gestellt werden k\u00f6nnen. Die Nutzung der Ausr\u00fcstung erfolgt auf eigene Gefahr.<\/li>\n<li>Mit der \u00dcbernahme der Ausr\u00fcstung best\u00e4tigt der Entleiher, da\u00df er die Ausr\u00fcstung auf ordnungsgem\u00e4\u00dfe Funktion und M\u00e4ngelfreiheit \u00fcberpr\u00fcft hat und da\u00df sich die Ausr\u00fcstung in ordnungsgm\u00e4\u00dfem Zustand befindet und m\u00e4ngenfrei ist.<\/li>\n<li>Leih- und F\u00fcllgeb\u00fchren k\u00f6nnen direkt in die Leih- und F\u00fcllkasse bezahlt werden oder j\u00e4hrlich gesammelt \u00fcberwiesen werden. Stichtag der Abrechnung ist der 31.12. Offene Leih- und F\u00fcllgeb\u00fchren werden sp\u00e4testens zum 31.1. des n\u00e4chsten Jahres per Lastschrift eingezogen.<\/li>\n<li>Diese Entleih- und F\u00fcllordnung ist vom Vorstand beschlossen und damit verbindlich. Zuwiderhandlungen k\u00f6nnen zu Sanktionen (z.Bsp. Ausschlu\u00df vom Verleih und\/oder F\u00fcllen, Abnahme des Clubheimschl\u00fcssels, etc.) f\u00fchren.<\/li>\n<\/ul>\n<\/li>\n<\/ol>\n<\/ol>\n<p>Freiburg im Breisgau, den 12.2.2003<\/p>\n<p>Der Vorstand<\/p>\n<h1 align=\"center\">Geb\u00fchrenordnung Entleih und F\u00fcllen<\/h1>\n<h1 align=\"center\">Instandhaltungsgeb\u00fchr je Benutzungstag<\/h1>\n<table>\n<tbody>\n<tr>\n<td width=\"60%\"><strong>Teil<\/strong><\/td>\n<td width=\"10%\"><strong>K\u00fcrzel<\/strong><\/td>\n<td width=\"15%\"><strong>Jugendliche<\/strong><\/td>\n<td width=\"15%\"><strong>Erwachsene<\/strong><\/td>\n<\/tr>\n<tr>\n<td width=\"60%\">Presslufttauchflasche<\/td>\n<td width=\"10%\">PTG<\/td>\n<td width=\"15%\">1,00 \u20ac<\/td>\n<td width=\"15%\">2,00 \u20ac<\/td>\n<\/tr>\n<tr>\n<td width=\"60%\">Lungenautomat<\/td>\n<td width=\"10%\">LA<\/td>\n<td width=\"15%\">1,50 \u20ac<\/td>\n<td width=\"15%\">3,00 \u20ac<\/td>\n<\/tr>\n<tr>\n<td width=\"60%\">Jacket<\/td>\n<td width=\"10%\">JA<\/td>\n<td width=\"15%\">1,50 \u20ac<\/td>\n<td width=\"15%\">3,00 \u20ac<\/td>\n<\/tr>\n<tr>\n<td width=\"60%\">Weste<\/td>\n<td width=\"10%\">WE<\/td>\n<td width=\"15%\">0,50 \u20ac<\/td>\n<td width=\"15%\">1,00 \u20ac<\/td>\n<\/tr>\n<tr>\n<td width=\"60%\">Blei und Gurt<\/td>\n<td width=\"10%\">BL<\/td>\n<td width=\"15%\">0,50 \u20ac<\/td>\n<td width=\"15%\">1,00 \u20ac<\/td>\n<\/tr>\n<tr>\n<td width=\"60%\">Trageschale<\/td>\n<td width=\"10%\">TS<\/td>\n<td width=\"15%\">0,50 \u20ac<\/td>\n<td width=\"15%\">1,00 \u20ac<\/td>\n<\/tr>\n<tr>\n<td width=\"60%\">Tauchanzug<\/td>\n<td width=\"10%\">TA<\/td>\n<td width=\"15%\">0,00 \u20ac<\/td>\n<td width=\"15%\">0,00 \u20ac<\/td>\n<\/tr>\n<tr>\n<td width=\"60%\">Tauchcomputer<\/td>\n<td width=\"10%\">TC<\/td>\n<td width=\"15%\">0,50 \u20ac<\/td>\n<td width=\"15%\">1,00 \u20ac<\/td>\n<\/tr>\n<tr>\n<td width=\"60%\">Bierbankgarnitur<\/td>\n<td width=\"10%\">BG<\/td>\n<td width=\"15%\">3,00 \u20ac<\/td>\n<td width=\"15%\">3,00 \u20ac<\/td>\n<\/tr>\n<tr>\n<td width=\"60%\">Gasgrill<\/td>\n<td width=\"10%\">GG<\/td>\n<td width=\"15%\">5,00 \u20ac<\/td>\n<td width=\"15%\">5,00 \u20ac<\/td>\n<\/tr>\n<tr>\n<td width=\"60%\">Gasflasche<\/td>\n<td width=\"10%\">GF<\/td>\n<td width=\"15%\">5,00 \u20ac<\/td>\n<td width=\"15%\">5,00 \u20ac<\/td>\n<\/tr>\n<tr>\n<td width=\"60%\">Bierzapfanlage u. Kohlens\u00e4ureflasche<\/td>\n<td width=\"10%\">BA<\/td>\n<td width=\"15%\">10,00 \u20ac<\/td>\n<td width=\"15%\">10,00 \u20ac<\/td>\n<\/tr>\n<\/tbody>\n<\/table>\n<ul>\n<li>Andere Clubger\u00e4tschaften werden nur nach Anfrage bei den Ger\u00e4tewarten verliehen<\/li>\n<li>Clubger\u00e4tschaften d\u00fcrfen nur an Clubmitglieder verliehen und benutzt werden<\/li>\n<\/ul>\n<h1 align=\"center\">Flaschenf\u00fcllungen DTG`s<\/h1>\n<table>\n<tbody>\n<tr>\n<td width=\"25%\"><strong>Menge<\/strong><\/td>\n<td width=\"25%\"><strong>200 bar<\/strong><\/td>\n<td width=\"25%\"><strong>300 bar<\/strong><\/td>\n<\/tr>\n<tr>\n<td width=\"25%\">1 Liter<\/td>\n<td width=\"25%\">0,20 \u20ac<\/td>\n<td width=\"25%\">0,30 \u20ac<\/td>\n<\/tr>\n<tr>\n<td width=\"25%\">3 Liter<\/td>\n<td width=\"25%\">0,60 \u20ac<\/td>\n<td width=\"25%\">0,90 \u20ac<\/td>\n<\/tr>\n<tr>\n<td width=\"25%\">4 Liter<\/td>\n<td width=\"25%\">0,80 \u20ac<\/td>\n<td width=\"25%\">1,20 \u20ac<\/td>\n<\/tr>\n<tr>\n<td width=\"25%\">5 Liter<\/td>\n<td width=\"25%\">1,00 \u20ac<\/td>\n<td width=\"25%\">1,50 \u20ac<\/td>\n<\/tr>\n<tr>\n<td width=\"25%\">6 Liter<\/td>\n<td width=\"25%\">1,20 \u20ac<\/td>\n<td width=\"25%\">1,80 \u20ac<\/td>\n<\/tr>\n<tr>\n<td width=\"25%\">7 Liter<\/td>\n<td width=\"25%\">1,40 \u20ac<\/td>\n<td width=\"25%\">2,10 \u20ac<\/td>\n<\/tr>\n<tr>\n<td width=\"25%\">8 Liter<\/td>\n<td width=\"25%\">1,60 \u20ac<\/td>\n<td width=\"25%\">2,40 \u20ac<\/td>\n<\/tr>\n<tr>\n<td width=\"25%\">10 Liter<\/td>\n<td width=\"25%\">2,00 \u20ac<\/td>\n<td width=\"25%\">3,00 \u20ac<\/td>\n<\/tr>\n<tr>\n<td width=\"25%\">12 Liter<\/td>\n<td width=\"25%\">2,40 \u20ac<\/td>\n<td width=\"25%\">3,60 \u20ac<\/td>\n<\/tr>\n<tr>\n<td width=\"25%\">15 Liter<\/td>\n<td width=\"25%\">3,00 \u20ac<\/td>\n<td width=\"25%\">4,50 \u20ac<\/td>\n<\/tr>\n<tr>\n<td width=\"25%\">2&#215;7 Liter<\/td>\n<td width=\"25%\">2,80 \u20ac<\/td>\n<td width=\"25%\">4,20 \u20ac<\/td>\n<\/tr>\n<tr>\n<td width=\"25%\">2&#215;8 Liter<\/td>\n<td width=\"25%\">3,20 \u20ac<\/td>\n<td width=\"25%\">4.80 \u20ac<\/td>\n<\/tr>\n<tr>\n<td width=\"25%\">2&#215;10 Liter<\/td>\n<td width=\"25%\">4,00 \u20ac<\/td>\n<td width=\"25%\">6,00 \u20ac<\/td>\n<\/tr>\n<tr>\n<td width=\"25%\">2&#215;12 Liter<\/td>\n<td width=\"25%\">4,80 \u20ac<\/td>\n<td width=\"25%\">7,20 \u20ac<\/td>\n<\/tr>\n<tr>\n<td width=\"25%\">2&#215;15 Liter<\/td>\n<td width=\"25%\">6,00 \u20ac<\/td>\n<td width=\"25%\">9,00 \u20ac<\/td>\n<\/tr>\n<\/tbody>\n<\/table>\n<p>Bei Restdruck \u00fcber 100 bar (200bar) bzw.150 bar (300 bar) halber Preis<\/p>\n<ul>\n<li>DTG`s vor dem F\u00fcllen mit dem Pr\u00fcfmanometer auf Restdruck \u00fcberpr\u00fcfen<\/li>\n<li>DTG`s m\u00fcssen mit Restdruck von 20 bar zur\u00fcckgebracht werden. Komplett leere Flaschen m\u00fcssen vor dem F\u00fcllen auf Feuchtigkeit \u00fcberpr\u00fcft werden durch die Ger\u00e4tewarte oder eine sachkundige Person ( H\u00e4ndler )<\/li>\n<li>DTG`s ohne g\u00fcltigen T\u00dcV d\u00fcrfen nicht gef\u00fcllt werden<\/li>\n<\/ul>\n<p><center><strong>Die Entleih- und F\u00fcllordnung des 1.TCF ist einzuhalten !<strong><\/strong><\/strong><\/center>Freiburg, den 12.2.2003<\/p>\n<p>Der Vorstand<\/p>\n","protected":false},"excerpt":{"rendered":"<p>Entleih- und F\u00fcllordnung des 1.TCF Verleih von Ger\u00e4tschaften Die Clubger\u00e4tschaften werden nur an aktive Mitglieder des 1.Tauchclub Freiburgs e.V entliehen. Eine Weitergabe an Nichtmitglieder ist, au\u00dfer bei Clubveranstaltungen, untersagt. Der Entleiher hat die Ausr\u00fcstung bei \u00dcbernahme auf Betriebsf\u00e4higkeit und M\u00e4ngel \u00fcberpr\u00fcfen und gegebenenfalls sofort dem Ger\u00e4tewart gegen\u00fcber zu r\u00fcgen. Defekte, Besch\u00e4digungen sowie verborgene M\u00e4ngel der &hellip; <\/p>\n<p><a class=\"more-link btn\" href=\"https:\/\/www.tauchclub-freiburg.de\/cms\/mitglieder\/entleih-und-fullordnung-des-1-tcf\/\">Weiterlesen<\/a><\/p>\n","protected":false},"author":1,"featured_media":0,"parent":56,"menu_order":0,"comment_status":"closed","ping_status":"closed","template":"","meta":{"footnotes":""},"class_list":["post-1073","page","type-page","status-publish","hentry","nodate","item-wrap"],"_links":{"self":[{"href":"https:\/\/www.tauchclub-freiburg.de\/cms\/wp-json\/wp\/v2\/pages\/1073","targetHints":{"allow":["GET"]}}],"collection":[{"href":"https:\/\/www.tauchclub-freiburg.de\/cms\/wp-json\/wp\/v2\/pages"}],"about":[{"href":"https:\/\/www.tauchclub-freiburg.de\/cms\/wp-json\/wp\/v2\/types\/page"}],"author":[{"embeddable":true,"href":"https:\/\/www.tauchclub-freiburg.de\/cms\/wp-json\/wp\/v2\/users\/1"}],"replies":[{"embeddable":true,"href":"https:\/\/www.tauchclub-freiburg.de\/cms\/wp-json\/wp\/v2\/comments?post=1073"}],"version-history":[{"count":7,"href":"https:\/\/www.tauchclub-freiburg.de\/cms\/wp-json\/wp\/v2\/pages\/1073\/revisions"}],"predecessor-version":[{"id":1148,"href":"https:\/\/www.tauchclub-freiburg.de\/cms\/wp-json\/wp\/v2\/pages\/1073\/revisions\/1148"}],"up":[{"embeddable":true,"href":"https:\/\/www.tauchclub-freiburg.de\/cms\/wp-json\/wp\/v2\/pages\/56"}],"wp:attachment":[{"href":"https:\/\/www.tauchclub-freiburg.de\/cms\/wp-json\/wp\/v2\/media?parent=1073"}],"curies":[{"name":"wp","href":"https:\/\/api.w.org\/{rel}","templated":true}]}}