{"id":10,"date":"2010-04-10T20:43:09","date_gmt":"2010-04-10T18:43:09","guid":{"rendered":"http:\/\/localhost\/tauchverein\/cms\/?page_id=10"},"modified":"2025-01-13T18:32:54","modified_gmt":"2025-01-13T17:32:54","slug":"vorstand","status":"publish","type":"page","link":"https:\/\/www.tauchclub-freiburg.de\/cms\/der-verein\/vorstand\/","title":{"rendered":"Vorstand"},"content":{"rendered":"\n<p>Der gesch\u00e4ftsf\u00fchrende Vorstand f\u00fcr das Jahr 2024-2026 besteht aus folgenden Mitgliedern<\/p>\n\n\n\n<figure class=\"wp-block-table\"><table><thead><tr><th>Name<\/th><th>Bereich<\/th><th>Kontakt<\/th><\/tr><\/thead><tbody><tr><td>Philipp Fuchs<\/td><td>1. Vorsitzender<\/td><td>vorstand(at)tauchclub-freiburg.de<\/td><\/tr><tr><td>Heino Eschbacher<\/td><td>2. Vorsitzender<\/td><td><\/td><\/tr><tr><td>Riccarda Rupprecht<\/td><td>Schriftf\u00fchrerin<\/td><td>mitglieder(at)tauchclub-freiburg.de<\/td><\/tr><tr><td>Birgit Hipp<\/td><td>Finanzerin<\/td><td>finanzen(at)tauchclub-freiburg.de<\/td><\/tr><tr><td>Robert Elger<\/td><td>Clubheimwart<\/td><td>clubheim(at)tauchclub-freiburg.de<\/td><\/tr><tr><td>Simon Schuchardt<\/td><td>Ausbildungsleiter<\/td><td>ausbildung(at)tauchclub-freiburg.de<\/td><\/tr><tr><td>Sebastian Kiefer<\/td><td>Ger\u00e4tewart<\/td><td>geraete(at)tauchclub-freiburg.de<\/td><\/tr><tr><td>Felix Leuser<\/td><td>Rugbywart<\/td><td>uwrugby(at)tauchclub-freiburg.de<\/td><\/tr><tr><td>Marlen Hipp<\/td><td>Jugend<\/td><td>jugend(at)tauchclub-freiburg.de<br><\/td><\/tr><\/tbody><\/table><figcaption class=\"wp-element-caption\"><br>Vorstand des 1. Tauchclubs Freiburg e.V.<\/figcaption><\/figure>\n\n\n\n\t\t<style type=\"text\/css\">\n\t\t\t#gallery-1 {\n\t\t\t\tmargin: auto;\n\t\t\t}\n\t\t\t#gallery-1 .gallery-item {\n\t\t\t\tfloat: left;\n\t\t\t\tmargin-top: 10px;\n\t\t\t\ttext-align: center;\n\t\t\t\twidth: 33%;\n\t\t\t}\n\t\t\t#gallery-1 img {\n\t\t\t\tborder: 2px solid #cfcfcf;\n\t\t\t}\n\t\t\t#gallery-1 .gallery-caption {\n\t\t\t\tmargin-left: 0;\n\t\t\t}\n\t\t\t\/* see gallery_shortcode() in wp-includes\/media.php *\/\n\t\t<\/style>\n\t\t<div id='gallery-1' class='gallery galleryid-10 gallery-columns-3 gallery-size-thumbnail'><dl class='gallery-item'>\n\t\t\t<dt class='gallery-icon portrait'>\n\t\t\t\t<a href='https:\/\/www.tauchclub-freiburg.de\/cms\/der-verein\/vorstand\/philipp_fuchs_thumb\/'><img loading=\"lazy\" decoding=\"async\" width=\"150\" height=\"150\" src=\"https:\/\/www.tauchclub-freiburg.de\/cms\/wp-content\/uploads\/2012\/06\/philipp_fuchs_thumb-150x150.jpg\" class=\"attachment-thumbnail size-thumbnail\" alt=\"\" aria-describedby=\"gallery-1-728\" \/><\/a>\n\t\t\t<\/dt>\n\t\t\t\t<dd class='wp-caption-text gallery-caption' id='gallery-1-728'>\n\t\t\t\tPhilipp Fuchs 1. Vorsitzende (vertretungsberechtigt)\n\n\t\t\t\t<\/dd><\/dl><dl class='gallery-item'>\n\t\t\t<dt class='gallery-icon portrait'>\n\t\t\t\t<a href='https:\/\/www.tauchclub-freiburg.de\/cms\/der-verein\/vorstand\/simon-schuchhardt\/'><img loading=\"lazy\" decoding=\"async\" width=\"150\" height=\"150\" src=\"https:\/\/www.tauchclub-freiburg.de\/cms\/wp-content\/uploads\/2018\/06\/Simon-Schuchhardt-150x150.jpg\" class=\"attachment-thumbnail size-thumbnail\" alt=\"\" aria-describedby=\"gallery-1-3114\" \/><\/a>\n\t\t\t<\/dt>\n\t\t\t\t<dd class='wp-caption-text gallery-caption' id='gallery-1-3114'>\n\t\t\t\tSimon Schuchhardt 2. Vorsitzende (vertretungsberechtigt)\n\t\t\t\t<\/dd><\/dl><dl class='gallery-item'>\n\t\t\t<dt class='gallery-icon portrait'>\n\t\t\t\t<a href='https:\/\/www.tauchclub-freiburg.de\/cms\/der-verein\/vorstand\/fotokassenwartbirgit\/'><img loading=\"lazy\" decoding=\"async\" width=\"150\" height=\"150\" src=\"https:\/\/www.tauchclub-freiburg.de\/cms\/wp-content\/uploads\/Unorganisiert\/FotoKassenwartBirgit-150x150.jpg\" class=\"attachment-thumbnail size-thumbnail\" alt=\"\" aria-describedby=\"gallery-1-3745\" \/><\/a>\n\t\t\t<\/dt>\n\t\t\t\t<dd class='wp-caption-text gallery-caption' id='gallery-1-3745'>\n\t\t\t\tBirgit Hipp Kassiererin\n\t\t\t\t<\/dd><\/dl><br style=\"clear: both\" \/>\n\t\t<\/div>\n","protected":false},"excerpt":{"rendered":"<p>Der gesch\u00e4ftsf\u00fchrende Vorstand f\u00fcr das Jahr 2024-2026 besteht aus folgenden Mitgliedern Name Bereich Kontakt Philipp Fuchs 1. Vorsitzender vorstand(at)tauchclub-freiburg.de Heino Eschbacher 2. Vorsitzender Riccarda Rupprecht Schriftf\u00fchrerin mitglieder(at)tauchclub-freiburg.de Birgit Hipp Finanzerin finanzen(at)tauchclub-freiburg.de Robert Elger Clubheimwart clubheim(at)tauchclub-freiburg.de Simon Schuchardt Ausbildungsleiter ausbildung(at)tauchclub-freiburg.de Sebastian Kiefer Ger\u00e4tewart geraete(at)tauchclub-freiburg.de Felix Leuser Rugbywart uwrugby(at)tauchclub-freiburg.de Marlen Hipp Jugend jugend(at)tauchclub-freiburg.de Vorstand des 1. Tauchclubs &hellip; <\/p>\n<p><a class=\"more-link btn\" href=\"https:\/\/www.tauchclub-freiburg.de\/cms\/der-verein\/vorstand\/\">Weiterlesen<\/a><\/p>\n","protected":false},"author":1,"featured_media":0,"parent":5,"menu_order":8,"comment_status":"closed","ping_status":"closed","template":"","meta":{"footnotes":""},"class_list":["post-10","page","type-page","status-publish","hentry","nodate","item-wrap"],"_links":{"self":[{"href":"https:\/\/www.tauchclub-freiburg.de\/cms\/wp-json\/wp\/v2\/pages\/10","targetHints":{"allow":["GET"]}}],"collection":[{"href":"https:\/\/www.tauchclub-freiburg.de\/cms\/wp-json\/wp\/v2\/pages"}],"about":[{"href":"https:\/\/www.tauchclub-freiburg.de\/cms\/wp-json\/wp\/v2\/types\/page"}],"author":[{"embeddable":true,"href":"https:\/\/www.tauchclub-freiburg.de\/cms\/wp-json\/wp\/v2\/users\/1"}],"replies":[{"embeddable":true,"href":"https:\/\/www.tauchclub-freiburg.de\/cms\/wp-json\/wp\/v2\/comments?post=10"}],"version-history":[{"count":56,"href":"https:\/\/www.tauchclub-freiburg.de\/cms\/wp-json\/wp\/v2\/pages\/10\/revisions"}],"predecessor-version":[{"id":4004,"href":"https:\/\/www.tauchclub-freiburg.de\/cms\/wp-json\/wp\/v2\/pages\/10\/revisions\/4004"}],"up":[{"embeddable":true,"href":"https:\/\/www.tauchclub-freiburg.de\/cms\/wp-json\/wp\/v2\/pages\/5"}],"wp:attachment":[{"href":"https:\/\/www.tauchclub-freiburg.de\/cms\/wp-json\/wp\/v2\/media?parent=10"}],"curies":[{"name":"wp","href":"https:\/\/api.w.org\/{rel}","templated":true}]}}